{"id":2144,"date":"2025-12-23T11:33:13","date_gmt":"2025-12-23T11:33:13","guid":{"rendered":"https:\/\/etiketfabrikasi.com.tr\/?page_id=2144"},"modified":"2025-12-23T11:50:42","modified_gmt":"2025-12-23T11:50:42","slug":"e-katalog","status":"publish","type":"page","link":"https:\/\/etiketfabrikasi.com.tr\/index.php\/e-katalog\/","title":{"rendered":"E-KATALOG"},"content":{"rendered":"<div data-colibri-id=\"2144-c1\" class=\"style-861 style-local-2144-c1 position-relative\">\n  <!---->\n  <div data-colibri-component=\"section\" data-colibri-id=\"2144-c2\" id=\"custom\" class=\"h-section h-section-global-spacing d-flex align-items-lg-center align-items-md-center align-items-center style-862 style-local-2144-c2 position-relative\">\n    <!---->\n    <!---->\n    <div class=\"h-section-grid-container h-section-fluid-container\">\n      <!---->\n      <div data-colibri-id=\"2144-c5\" class=\"h-row-container gutters-row-lg-2 gutters-row-md-2 gutters-row-0 gutters-row-v-lg-2 gutters-row-v-md-2 gutters-row-v-2 style-865 style-local-2144-c5 position-relative\">\n        <!---->\n        <div class=\"h-row justify-content-lg-center justify-content-md-center justify-content-center align-items-lg-stretch align-items-md-stretch align-items-stretch gutters-col-lg-2 gutters-col-md-2 gutters-col-0 gutters-col-v-lg-2 gutters-col-v-md-2 gutters-col-v-2\">\n          <!---->\n          <div class=\"h-column h-column-container d-flex h-col-lg-auto h-col-md-auto h-col-auto style-866-outer style-local-2144-c6-outer\">\n            <div data-colibri-id=\"2144-c6\" class=\"d-flex h-flex-basis h-column__inner h-px-lg-2 h-px-md-2 h-px-2 v-inner-lg-2 v-inner-md-2 v-inner-2 style-866 style-local-2144-c6 position-relative\">\n              <!---->\n              <!---->\n              <div class=\"w-100 h-y-container h-column__content h-column__v-align flex-basis-100 align-self-lg-start align-self-md-start align-self-start\">\n                <!---->\n                <div data-colibri-id=\"2144-c7\" class=\"style-867 style-local-2144-c7 position-relative h-element\">\n                  <!---->\n                  <div class=\"\"><div class=\"_df_book df-lite\" id=\"df_2141\"  _slug=\"2141\" data-title=\"e-katalogg\" wpoptions=\"true\" thumbtype=\"\" ><\/div><script class=\"df-shortcode-script\" nowprocket type=\"application\/javascript\">window.option_df_2141 = {\"outline\":[],\"autoEnableOutline\":\"false\",\"autoEnableThumbnail\":\"false\",\"overwritePDFOutline\":\"false\",\"direction\":\"1\",\"pageSize\":\"0\",\"source\":\"https:\\\/\\\/etiketfabrikasi.com.tr\\\/wp-content\\\/uploads\\\/2025\\\/12\\\/KATALOG-SS26-TURKCE.pdf\",\"wpOptions\":\"true\"}; if(window.DFLIP && window.DFLIP.parseBooks){window.DFLIP.parseBooks();}<\/script><\/div>\n                <\/div>\n              <\/div>\n            <\/div>\n          <\/div>\n        <\/div>\n      <\/div>\n    <\/div>\n  <\/div>\n<\/div>","protected":false},"excerpt":{"rendered":"<p> [&hellip;]<\/p>\n","protected":false},"author":2,"featured_media":0,"parent":0,"menu_order":0,"comment_status":"closed","ping_status":"closed","template":"page-templates\/full-width-page.php","meta":{"footnotes":""},"class_list":["post-2144","page","type-page","status-publish","hentry"],"yoast_head":"<!-- This site is optimized with the Yoast SEO plugin v27.3 - https:\/\/yoast.com\/product\/yoast-seo-wordpress\/ -->\n<title>E-KATALOG - ET\u0130KET FABR\u0130KASI<\/title>\n<meta name=\"description\" content=\"E-KATALOG - HANGTAG - DER\u0130 ET\u0130KET - DOKUMA ET\u0130KET - KAU\u00c7UK ET\u0130KET - KARTON \u00c7ANTA - KARTON KUTU - LEATHER LABEL - WOVEN LABEL - RUBBER LABEL - BOX\" \/>\n<meta name=\"robots\" content=\"index, follow, max-snippet:-1, max-image-preview:large, max-video-preview:-1\" \/>\n<link rel=\"canonical\" href=\"https:\/\/etiketfabrikasi.com.tr\/index.php\/e-katalog\/\" \/>\n<meta property=\"og:locale\" content=\"tr_TR\" \/>\n<meta property=\"og:type\" content=\"article\" \/>\n<meta property=\"og:title\" content=\"E-KATALOG - ET\u0130KET FABR\u0130KASI\" \/>\n<meta property=\"og:description\" content=\"E-KATALOG - HANGTAG - DER\u0130 ET\u0130KET - DOKUMA ET\u0130KET - KAU\u00c7UK ET\u0130KET - KARTON \u00c7ANTA - KARTON KUTU - LEATHER LABEL - WOVEN LABEL - RUBBER LABEL - BOX\" \/>\n<meta property=\"og:url\" content=\"https:\/\/etiketfabrikasi.com.tr\/index.php\/e-katalog\/\" \/>\n<meta property=\"og:site_name\" content=\"ET\u0130KET FABR\u0130KASI\" \/>\n<meta property=\"article:modified_time\" content=\"2025-12-23T11:50:42+00:00\" \/>\n<meta name=\"twitter:card\" content=\"summary_large_image\" \/>\n<script type=\"application\/ld+json\" class=\"yoast-schema-graph\">{\"@context\":\"https:\\\/\\\/schema.org\",\"@graph\":[{\"@type\":\"WebPage\",\"@id\":\"https:\\\/\\\/etiketfabrikasi.com.tr\\\/index.php\\\/e-katalog\\\/\",\"url\":\"https:\\\/\\\/etiketfabrikasi.com.tr\\\/index.php\\\/e-katalog\\\/\",\"name\":\"E-KATALOG - ET\u0130KET FABR\u0130KASI\",\"isPartOf\":{\"@id\":\"https:\\\/\\\/etiketfabrikasi.com.tr\\\/#website\"},\"datePublished\":\"2025-12-23T11:33:13+00:00\",\"dateModified\":\"2025-12-23T11:50:42+00:00\",\"description\":\"E-KATALOG - HANGTAG - DER\u0130 ET\u0130KET - DOKUMA ET\u0130KET - KAU\u00c7UK ET\u0130KET - KARTON \u00c7ANTA - KARTON KUTU - LEATHER LABEL - WOVEN LABEL - RUBBER LABEL - BOX\",\"breadcrumb\":{\"@id\":\"https:\\\/\\\/etiketfabrikasi.com.tr\\\/index.php\\\/e-katalog\\\/#breadcrumb\"},\"inLanguage\":\"tr\",\"potentialAction\":[{\"@type\":\"ReadAction\",\"target\":[\"https:\\\/\\\/etiketfabrikasi.com.tr\\\/index.php\\\/e-katalog\\\/\"]}]},{\"@type\":\"BreadcrumbList\",\"@id\":\"https:\\\/\\\/etiketfabrikasi.com.tr\\\/index.php\\\/e-katalog\\\/#breadcrumb\",\"itemListElement\":[{\"@type\":\"ListItem\",\"position\":1,\"name\":\"Anasayfa\",\"item\":\"https:\\\/\\\/etiketfabrikasi.com.tr\\\/\"},{\"@type\":\"ListItem\",\"position\":2,\"name\":\"E-KATALOG\"}]},{\"@type\":\"WebSite\",\"@id\":\"https:\\\/\\\/etiketfabrikasi.com.tr\\\/#website\",\"url\":\"https:\\\/\\\/etiketfabrikasi.com.tr\\\/\",\"name\":\"ET\u0130KET FABR\u0130KASI\",\"description\":\"UNIQUE FASHIONS LABEL\",\"publisher\":{\"@id\":\"https:\\\/\\\/etiketfabrikasi.com.tr\\\/#organization\"},\"potentialAction\":[{\"@type\":\"SearchAction\",\"target\":{\"@type\":\"EntryPoint\",\"urlTemplate\":\"https:\\\/\\\/etiketfabrikasi.com.tr\\\/?s={search_term_string}\"},\"query-input\":{\"@type\":\"PropertyValueSpecification\",\"valueRequired\":true,\"valueName\":\"search_term_string\"}}],\"inLanguage\":\"tr\"},{\"@type\":\"Organization\",\"@id\":\"https:\\\/\\\/etiketfabrikasi.com.tr\\\/#organization\",\"name\":\"ET\u0130KET FABR\u0130KASI\",\"url\":\"https:\\\/\\\/etiketfabrikasi.com.tr\\\/\",\"logo\":{\"@type\":\"ImageObject\",\"inLanguage\":\"tr\",\"@id\":\"https:\\\/\\\/etiketfabrikasi.com.tr\\\/#\\\/schema\\\/logo\\\/image\\\/\",\"url\":\"https:\\\/\\\/etiketfabrikasi.com.tr\\\/wp-content\\\/uploads\\\/2025\\\/11\\\/cropped-cropped-cropped-cropped-cropped-cropped-cropped-logo.png\",\"contentUrl\":\"https:\\\/\\\/etiketfabrikasi.com.tr\\\/wp-content\\\/uploads\\\/2025\\\/11\\\/cropped-cropped-cropped-cropped-cropped-cropped-cropped-logo.png\",\"width\":1210,\"height\":209,\"caption\":\"ET\u0130KET FABR\u0130KASI\"},\"image\":{\"@id\":\"https:\\\/\\\/etiketfabrikasi.com.tr\\\/#\\\/schema\\\/logo\\\/image\\\/\"}}]}<\/script>\n<!-- \/ Yoast SEO plugin. -->","yoast_head_json":{"title":"E-KATALOG - ET\u0130KET FABR\u0130KASI","description":"E-KATALOG - HANGTAG - DER\u0130 ET\u0130KET - DOKUMA ET\u0130KET - KAU\u00c7UK ET\u0130KET - KARTON \u00c7ANTA - KARTON KUTU - LEATHER LABEL - WOVEN LABEL - RUBBER LABEL - BOX","robots":{"index":"index","follow":"follow","max-snippet":"max-snippet:-1","max-image-preview":"max-image-preview:large","max-video-preview":"max-video-preview:-1"},"canonical":"https:\/\/etiketfabrikasi.com.tr\/index.php\/e-katalog\/","og_locale":"tr_TR","og_type":"article","og_title":"E-KATALOG - ET\u0130KET FABR\u0130KASI","og_description":"E-KATALOG - HANGTAG - DER\u0130 ET\u0130KET - DOKUMA ET\u0130KET - KAU\u00c7UK ET\u0130KET - KARTON \u00c7ANTA - KARTON KUTU - LEATHER LABEL - WOVEN LABEL - RUBBER LABEL - BOX","og_url":"https:\/\/etiketfabrikasi.com.tr\/index.php\/e-katalog\/","og_site_name":"ET\u0130KET FABR\u0130KASI","article_modified_time":"2025-12-23T11:50:42+00:00","twitter_card":"summary_large_image","schema":{"@context":"https:\/\/schema.org","@graph":[{"@type":"WebPage","@id":"https:\/\/etiketfabrikasi.com.tr\/index.php\/e-katalog\/","url":"https:\/\/etiketfabrikasi.com.tr\/index.php\/e-katalog\/","name":"E-KATALOG - ET\u0130KET FABR\u0130KASI","isPartOf":{"@id":"https:\/\/etiketfabrikasi.com.tr\/#website"},"datePublished":"2025-12-23T11:33:13+00:00","dateModified":"2025-12-23T11:50:42+00:00","description":"E-KATALOG - HANGTAG - DER\u0130 ET\u0130KET - DOKUMA ET\u0130KET - KAU\u00c7UK ET\u0130KET - KARTON \u00c7ANTA - KARTON KUTU - LEATHER LABEL - WOVEN LABEL - RUBBER LABEL - BOX","breadcrumb":{"@id":"https:\/\/etiketfabrikasi.com.tr\/index.php\/e-katalog\/#breadcrumb"},"inLanguage":"tr","potentialAction":[{"@type":"ReadAction","target":["https:\/\/etiketfabrikasi.com.tr\/index.php\/e-katalog\/"]}]},{"@type":"BreadcrumbList","@id":"https:\/\/etiketfabrikasi.com.tr\/index.php\/e-katalog\/#breadcrumb","itemListElement":[{"@type":"ListItem","position":1,"name":"Anasayfa","item":"https:\/\/etiketfabrikasi.com.tr\/"},{"@type":"ListItem","position":2,"name":"E-KATALOG"}]},{"@type":"WebSite","@id":"https:\/\/etiketfabrikasi.com.tr\/#website","url":"https:\/\/etiketfabrikasi.com.tr\/","name":"ET\u0130KET FABR\u0130KASI","description":"UNIQUE FASHIONS LABEL","publisher":{"@id":"https:\/\/etiketfabrikasi.com.tr\/#organization"},"potentialAction":[{"@type":"SearchAction","target":{"@type":"EntryPoint","urlTemplate":"https:\/\/etiketfabrikasi.com.tr\/?s={search_term_string}"},"query-input":{"@type":"PropertyValueSpecification","valueRequired":true,"valueName":"search_term_string"}}],"inLanguage":"tr"},{"@type":"Organization","@id":"https:\/\/etiketfabrikasi.com.tr\/#organization","name":"ET\u0130KET FABR\u0130KASI","url":"https:\/\/etiketfabrikasi.com.tr\/","logo":{"@type":"ImageObject","inLanguage":"tr","@id":"https:\/\/etiketfabrikasi.com.tr\/#\/schema\/logo\/image\/","url":"https:\/\/etiketfabrikasi.com.tr\/wp-content\/uploads\/2025\/11\/cropped-cropped-cropped-cropped-cropped-cropped-cropped-logo.png","contentUrl":"https:\/\/etiketfabrikasi.com.tr\/wp-content\/uploads\/2025\/11\/cropped-cropped-cropped-cropped-cropped-cropped-cropped-logo.png","width":1210,"height":209,"caption":"ET\u0130KET FABR\u0130KASI"},"image":{"@id":"https:\/\/etiketfabrikasi.com.tr\/#\/schema\/logo\/image\/"}}]}},"_links":{"self":[{"href":"https:\/\/etiketfabrikasi.com.tr\/index.php\/wp-json\/wp\/v2\/pages\/2144","targetHints":{"allow":["GET"]}}],"collection":[{"href":"https:\/\/etiketfabrikasi.com.tr\/index.php\/wp-json\/wp\/v2\/pages"}],"about":[{"href":"https:\/\/etiketfabrikasi.com.tr\/index.php\/wp-json\/wp\/v2\/types\/page"}],"author":[{"embeddable":true,"href":"https:\/\/etiketfabrikasi.com.tr\/index.php\/wp-json\/wp\/v2\/users\/2"}],"replies":[{"embeddable":true,"href":"https:\/\/etiketfabrikasi.com.tr\/index.php\/wp-json\/wp\/v2\/comments?post=2144"}],"version-history":[{"count":6,"href":"https:\/\/etiketfabrikasi.com.tr\/index.php\/wp-json\/wp\/v2\/pages\/2144\/revisions"}],"predecessor-version":[{"id":2178,"href":"https:\/\/etiketfabrikasi.com.tr\/index.php\/wp-json\/wp\/v2\/pages\/2144\/revisions\/2178"}],"wp:attachment":[{"href":"https:\/\/etiketfabrikasi.com.tr\/index.php\/wp-json\/wp\/v2\/media?parent=2144"}],"curies":[{"name":"wp","href":"https:\/\/api.w.org\/{rel}","templated":true}]}}