{"id":2110,"date":"2025-12-01T14:49:28","date_gmt":"2025-12-01T14:49:28","guid":{"rendered":"https:\/\/etiketfabrikasi.com.tr\/?page_id=2110"},"modified":"2025-12-02T09:30:43","modified_gmt":"2025-12-02T09:30:43","slug":"kartoncanta","status":"publish","type":"page","link":"https:\/\/etiketfabrikasi.com.tr\/index.php\/kartoncanta\/","title":{"rendered":"KARTON\u00c7ANTA"},"content":{"rendered":"<div data-colibri-id=\"2110-c1\" class=\"style-852 style-local-2110-c1 position-relative\">\n  <!---->\n  <div data-colibri-component=\"\" data-colibri-id=\"2110-c2\" id=\"photo-gallery\" class=\"h-photo-gallery margin-none caption-displayTrue caption-vertical-align-top style-856 style-local-2110-c2 position-relative h-element\">\n    <!---->\n    <div class=\"h-global-transition-all\"><div id='colibri-2110-c2' class='gallery-wrapper'>    <style type=\"text\/css\">\n\n        @media (min-width: 1023px) {        #colibri-2110-c2        dl {\n            float: left;\n            width: 20% !important;\n            max-width: 20% !important;\n            min-width: 20% !important;\n        }\n\n        #colibri-2110-c2        dl:nth-of-type(5n +1 ) {\n            clear: both;\n        }\n\n        }@media (min-width: 768px) and (max-width: 1023px) {        #colibri-2110-c2        dl {\n            float: left;\n            width: 20% !important;\n            max-width: 20% !important;\n            min-width: 20% !important;\n        }\n\n        #colibri-2110-c2        dl:nth-of-type(5n +1 ) {\n            clear: both;\n        }\n\n        }@media (max-width: 767px) {        #colibri-2110-c2        dl {\n            float: left;\n            width: 20% !important;\n            max-width: 20% !important;\n            min-width: 20% !important;\n        }\n\n        #colibri-2110-c2        dl:nth-of-type(5n +1 ) {\n            clear: both;\n        }\n\n        }\n        #colibri-2110-c2        .gallery-item {\n            position: relative;\n        }\n\n        \n    <\/style>\n    <div   class='colibri-2110-c2-dls-wrapper gallery-items-wrapper' ><dl class='gallery-item masonry-item'>\n\t\t\t<dt class='gallery-icon portrait'>\n\t\t\t\t<a data-fancybox=\"colibri-2110-c2-group\" href='https:\/\/etiketfabrikasi.com.tr\/wp-content\/uploads\/2025\/12\/baskili-karton-poset.jpg'><img loading=\"lazy\" decoding=\"async\"  width=\"200\" height=\"300\" src=\"https:\/\/etiketfabrikasi.com.tr\/wp-content\/uploads\/2025\/12\/baskili-karton-poset-200x300.jpg\"  class='colibri-2110-c2-image' alt=\"\" srcset=\"https:\/\/etiketfabrikasi.com.tr\/wp-content\/uploads\/2025\/12\/baskili-karton-poset-200x300.jpg 200w, https:\/\/etiketfabrikasi.com.tr\/wp-content\/uploads\/2025\/12\/baskili-karton-poset-683x1024.jpg 683w, https:\/\/etiketfabrikasi.com.tr\/wp-content\/uploads\/2025\/12\/baskili-karton-poset-768x1152.jpg 768w, https:\/\/etiketfabrikasi.com.tr\/wp-content\/uploads\/2025\/12\/baskili-karton-poset-1024x1536.jpg 1024w, https:\/\/etiketfabrikasi.com.tr\/wp-content\/uploads\/2025\/12\/baskili-karton-poset.jpg 1200w\" sizes=\"auto, (max-width: 200px) 100vw, 200px\" \/><\/a>\n\t\t\t<\/dt><\/dl><dl class='gallery-item masonry-item'>\n\t\t\t<dt class='gallery-icon portrait'>\n\t\t\t\t<a data-fancybox=\"colibri-2110-c2-group\" href='https:\/\/etiketfabrikasi.com.tr\/wp-content\/uploads\/2025\/12\/kabartma-logolu-karton-canta.jpg'><img loading=\"lazy\" decoding=\"async\"  width=\"200\" height=\"300\" src=\"https:\/\/etiketfabrikasi.com.tr\/wp-content\/uploads\/2025\/12\/kabartma-logolu-karton-canta-200x300.jpg\"  class='colibri-2110-c2-image' alt=\"\" srcset=\"https:\/\/etiketfabrikasi.com.tr\/wp-content\/uploads\/2025\/12\/kabartma-logolu-karton-canta-200x300.jpg 200w, https:\/\/etiketfabrikasi.com.tr\/wp-content\/uploads\/2025\/12\/kabartma-logolu-karton-canta-683x1024.jpg 683w, https:\/\/etiketfabrikasi.com.tr\/wp-content\/uploads\/2025\/12\/kabartma-logolu-karton-canta-768x1152.jpg 768w, https:\/\/etiketfabrikasi.com.tr\/wp-content\/uploads\/2025\/12\/kabartma-logolu-karton-canta-1024x1536.jpg 1024w, https:\/\/etiketfabrikasi.com.tr\/wp-content\/uploads\/2025\/12\/kabartma-logolu-karton-canta.jpg 1200w\" sizes=\"auto, (max-width: 200px) 100vw, 200px\" \/><\/a>\n\t\t\t<\/dt><\/dl><dl class='gallery-item masonry-item'>\n\t\t\t<dt class='gallery-icon portrait'>\n\t\t\t\t<a data-fancybox=\"colibri-2110-c2-group\" href='https:\/\/etiketfabrikasi.com.tr\/wp-content\/uploads\/2025\/12\/kuyumcu-karton-canta.jpg'><img loading=\"lazy\" decoding=\"async\"  width=\"200\" height=\"300\" src=\"https:\/\/etiketfabrikasi.com.tr\/wp-content\/uploads\/2025\/12\/kuyumcu-karton-canta-200x300.jpg\"  class='colibri-2110-c2-image' alt=\"\" srcset=\"https:\/\/etiketfabrikasi.com.tr\/wp-content\/uploads\/2025\/12\/kuyumcu-karton-canta-200x300.jpg 200w, https:\/\/etiketfabrikasi.com.tr\/wp-content\/uploads\/2025\/12\/kuyumcu-karton-canta-683x1024.jpg 683w, https:\/\/etiketfabrikasi.com.tr\/wp-content\/uploads\/2025\/12\/kuyumcu-karton-canta-768x1152.jpg 768w, https:\/\/etiketfabrikasi.com.tr\/wp-content\/uploads\/2025\/12\/kuyumcu-karton-canta-1024x1536.jpg 1024w, https:\/\/etiketfabrikasi.com.tr\/wp-content\/uploads\/2025\/12\/kuyumcu-karton-canta.jpg 1200w\" sizes=\"auto, (max-width: 200px) 100vw, 200px\" \/><\/a>\n\t\t\t<\/dt><\/dl><dl class='gallery-item masonry-item'>\n\t\t\t<dt class='gallery-icon landscape'>\n\t\t\t\t<a data-fancybox=\"colibri-2110-c2-group\" href='https:\/\/etiketfabrikasi.com.tr\/wp-content\/uploads\/2025\/12\/karton-kutu-imalati.jpg'><img loading=\"lazy\" decoding=\"async\"  width=\"300\" height=\"300\" src=\"https:\/\/etiketfabrikasi.com.tr\/wp-content\/uploads\/2025\/12\/karton-kutu-imalati-300x300.jpg\"  class='colibri-2110-c2-image' alt=\"\" srcset=\"https:\/\/etiketfabrikasi.com.tr\/wp-content\/uploads\/2025\/12\/karton-kutu-imalati-300x300.jpg 300w, https:\/\/etiketfabrikasi.com.tr\/wp-content\/uploads\/2025\/12\/karton-kutu-imalati-1024x1024.jpg 1024w, https:\/\/etiketfabrikasi.com.tr\/wp-content\/uploads\/2025\/12\/karton-kutu-imalati-150x150.jpg 150w, https:\/\/etiketfabrikasi.com.tr\/wp-content\/uploads\/2025\/12\/karton-kutu-imalati-768x768.jpg 768w, https:\/\/etiketfabrikasi.com.tr\/wp-content\/uploads\/2025\/12\/karton-kutu-imalati.jpg 1200w\" sizes=\"auto, (max-width: 300px) 100vw, 300px\" \/><\/a>\n\t\t\t<\/dt><\/dl><dl class='gallery-item masonry-item'>\n\t\t\t<dt class='gallery-icon landscape'>\n\t\t\t\t<a data-fancybox=\"colibri-2110-c2-group\" href='https:\/\/etiketfabrikasi.com.tr\/wp-content\/uploads\/2025\/12\/ipli-karton-canta.jpg'><img loading=\"lazy\" decoding=\"async\"  width=\"300\" height=\"300\" src=\"https:\/\/etiketfabrikasi.com.tr\/wp-content\/uploads\/2025\/12\/ipli-karton-canta-300x300.jpg\"  class='colibri-2110-c2-image' alt=\"\" srcset=\"https:\/\/etiketfabrikasi.com.tr\/wp-content\/uploads\/2025\/12\/ipli-karton-canta-300x300.jpg 300w, https:\/\/etiketfabrikasi.com.tr\/wp-content\/uploads\/2025\/12\/ipli-karton-canta-1024x1024.jpg 1024w, https:\/\/etiketfabrikasi.com.tr\/wp-content\/uploads\/2025\/12\/ipli-karton-canta-150x150.jpg 150w, https:\/\/etiketfabrikasi.com.tr\/wp-content\/uploads\/2025\/12\/ipli-karton-canta-768x768.jpg 768w, https:\/\/etiketfabrikasi.com.tr\/wp-content\/uploads\/2025\/12\/ipli-karton-canta.jpg 1200w\" sizes=\"auto, (max-width: 300px) 100vw, 300px\" \/><\/a>\n\t\t\t<\/dt><\/dl>\n\t\t\t\n\t\t<\/div>\n<style>#colibri-2110-c2 .wp-caption-text.gallery-caption{display:none;}<\/style><\/div><\/div>\n  <\/div>\n  <div data-colibri-component=\"section\" data-colibri-id=\"2110-c3\" id=\"custom\" class=\"h-section h-section-global-spacing d-flex align-items-lg-center align-items-md-center align-items-center style-853 style-local-2110-c3 position-relative\">\n    <!---->\n    <!---->\n    <div class=\"h-section-grid-container h-section-fluid-container\">\n      <!---->\n      <div data-colibri-id=\"2110-c4\" class=\"h-row-container gutters-row-lg-2 gutters-row-md-2 gutters-row-0 gutters-row-v-lg-2 gutters-row-v-md-2 gutters-row-v-2 style-857 style-local-2110-c4 position-relative\">\n        <!---->\n        <div class=\"h-row justify-content-lg-center justify-content-md-center justify-content-center align-items-lg-stretch align-items-md-stretch align-items-stretch gutters-col-lg-2 gutters-col-md-2 gutters-col-0 gutters-col-v-lg-2 gutters-col-v-md-2 gutters-col-v-2\">\n          <!---->\n          <div class=\"h-column h-column-container d-flex h-col-lg-auto h-col-md-auto h-col-auto style-858-outer style-local-2110-c5-outer\">\n            <div data-colibri-id=\"2110-c5\" class=\"d-flex h-flex-basis h-column__inner h-px-lg-2 h-px-md-2 h-px-2 v-inner-lg-2 v-inner-md-2 v-inner-2 style-858 style-local-2110-c5 position-relative\">\n              <!---->\n              <!---->\n              <div class=\"w-100 h-y-container h-column__content h-column__v-align flex-basis-100 align-self-lg-start align-self-md-start align-self-start\">\n                <!---->\n                <div data-colibri-id=\"2110-c6\" class=\"h-global-transition-all h-heading style-859 style-local-2110-c6 position-relative h-element\">\n                  <!---->\n                  <div class=\"h-heading__outer style-859 style-local-2110-c6\">\n                    <!---->\n                    <!---->\n                    <h2 class=\"\">KARTON \u00c7ANTALAR<\/h2>\n                  <\/div>\n                <\/div>\n                <div data-colibri-id=\"2110-c7\" class=\"h-text h-text-component style-860 style-local-2110-c7 position-relative h-element\">\n                  <!---->\n                  <!---->\n                  <div class=\"\">\n                    <p>Markan\u0131z\u0131n m\u00fc\u015fterilerle kurdu\u011fu ilk temas noktalar\u0131ndan biridir ve \u00fcr\u00fcn\u00fcn\u00fcz kadar \u00f6nemli bir alg\u0131 olu\u015fturur.\n                      <br>\u015e\u0131k duru\u015fu, dayan\u0131kl\u0131 yap\u0131s\u0131 ve ki\u015fiye \u00f6zel tasar\u0131m se\u00e7enekleri sayesinde sadece bir ta\u015f\u0131ma arac\u0131 de\u011fil; markan\u0131z\u0131n prestijini yans\u0131tan g\u00fc\u00e7l\u00fc bir reklam unsuru haline gelir.<\/p>\n                    <p>\u00dcr\u00fcnlerimiz, l\u00fcks segmentten perakendeye kadar farkl\u0131 kullan\u0131m alanlar\u0131na hitap eder.<strong><br>Selefon kaplama, varak yald\u0131z, kabartma logo, \u00f6zel kesim, UV lak, gofre uygulamalar\u0131<\/strong> ve y\u00fcksek kalite bask\u0131 teknikleri ile markan\u0131za\n                      en uygun tasar\u0131m\u0131 \u00fcretiriz.<\/p>\n                    <p>Kal\u0131n gramajl\u0131 karton yap\u0131s\u0131 ve estetik dokulu y\u00fczey se\u00e7enekleri sayesinde \u00e7antalar uzun s\u00fcre kullan\u0131labilir, b\u00f6ylece markan\u0131z her ortamda g\u00f6r\u00fcn\u00fcrl\u00fc\u011f\u00fcn\u00fc korur.\n                      <br><strong>\u0130pli, kurdeleli, d\u00fc\u011f\u00fcml\u00fc, \u00f6zel \u00f6rg\u00fc sap se\u00e7enekleri<\/strong> ile premium bir deneyim sunar.<\/p>\n                    <p>Giyim, m\u00fccevher, kozmetik, parf\u00fcm, konsept ma\u011fazalar ve kurumsal hediyelik \u00fcr\u00fcnler i\u00e7in ideal olan karton \u00e7antalar, m\u00fc\u015fterilerinizin elinde dola\u015fan en etkili tan\u0131t\u0131m arac\u0131n\u0131za d\u00f6n\u00fc\u015f\u00fcr.\n                      <br>K\u0131sacas\u0131; kaliteli bir karton \u00e7anta sadece \u00fcr\u00fcn\u00fcn\u00fcz\u00fc de\u011fil, markan\u0131z\u0131n hikayesini ta\u015f\u0131r.\n                      <br>\n                    <\/p>\n                  <\/div>\n                <\/div>\n              <\/div>\n            <\/div>\n          <\/div>\n        <\/div>\n      <\/div>\n    <\/div>\n  <\/div>\n<\/div>","protected":false},"excerpt":{"rendered":"<p>KARTON \u00c7ANTALAR Markan\u0131z\u0131n m\u00fc\u015fterilerle kurdu\u011fu ilk temas noktalar\u0131ndan biridir ve \u00fcr\u00fcn\u00fcn\u00fcz kadar \u00f6nemli [&hellip;]<\/p>\n","protected":false},"author":2,"featured_media":0,"parent":0,"menu_order":0,"comment_status":"closed","ping_status":"closed","template":"page-templates\/full-width-page.php","meta":{"footnotes":""},"class_list":["post-2110","page","type-page","status-publish","hentry"],"yoast_head":"<!-- This site is optimized with the Yoast SEO plugin v27.3 - https:\/\/yoast.com\/product\/yoast-seo-wordpress\/ -->\n<title>KARTON\u00c7ANTA - ET\u0130KET FABR\u0130KASI<\/title>\n<meta name=\"robots\" content=\"index, follow, max-snippet:-1, max-image-preview:large, max-video-preview:-1\" \/>\n<link rel=\"canonical\" href=\"https:\/\/etiketfabrikasi.com.tr\/index.php\/kartoncanta\/\" \/>\n<meta property=\"og:locale\" content=\"tr_TR\" \/>\n<meta property=\"og:type\" content=\"article\" \/>\n<meta property=\"og:title\" content=\"KARTON\u00c7ANTA - ET\u0130KET FABR\u0130KASI\" \/>\n<meta property=\"og:description\" content=\"KARTON \u00c7ANTALAR Markan\u0131z\u0131n m\u00fc\u015fterilerle kurdu\u011fu ilk temas noktalar\u0131ndan biridir ve \u00fcr\u00fcn\u00fcn\u00fcz kadar \u00f6nemli [&hellip;]\" \/>\n<meta property=\"og:url\" content=\"https:\/\/etiketfabrikasi.com.tr\/index.php\/kartoncanta\/\" \/>\n<meta property=\"og:site_name\" content=\"ET\u0130KET FABR\u0130KASI\" \/>\n<meta property=\"article:modified_time\" content=\"2025-12-02T09:30:43+00:00\" \/>\n<meta name=\"twitter:card\" content=\"summary_large_image\" \/>\n<script type=\"application\/ld+json\" class=\"yoast-schema-graph\">{\"@context\":\"https:\\\/\\\/schema.org\",\"@graph\":[{\"@type\":\"WebPage\",\"@id\":\"https:\\\/\\\/etiketfabrikasi.com.tr\\\/index.php\\\/kartoncanta\\\/\",\"url\":\"https:\\\/\\\/etiketfabrikasi.com.tr\\\/index.php\\\/kartoncanta\\\/\",\"name\":\"KARTON\u00c7ANTA - ET\u0130KET FABR\u0130KASI\",\"isPartOf\":{\"@id\":\"https:\\\/\\\/etiketfabrikasi.com.tr\\\/#website\"},\"datePublished\":\"2025-12-01T14:49:28+00:00\",\"dateModified\":\"2025-12-02T09:30:43+00:00\",\"breadcrumb\":{\"@id\":\"https:\\\/\\\/etiketfabrikasi.com.tr\\\/index.php\\\/kartoncanta\\\/#breadcrumb\"},\"inLanguage\":\"tr\",\"potentialAction\":[{\"@type\":\"ReadAction\",\"target\":[\"https:\\\/\\\/etiketfabrikasi.com.tr\\\/index.php\\\/kartoncanta\\\/\"]}]},{\"@type\":\"BreadcrumbList\",\"@id\":\"https:\\\/\\\/etiketfabrikasi.com.tr\\\/index.php\\\/kartoncanta\\\/#breadcrumb\",\"itemListElement\":[{\"@type\":\"ListItem\",\"position\":1,\"name\":\"Anasayfa\",\"item\":\"https:\\\/\\\/etiketfabrikasi.com.tr\\\/\"},{\"@type\":\"ListItem\",\"position\":2,\"name\":\"KARTON\u00c7ANTA\"}]},{\"@type\":\"WebSite\",\"@id\":\"https:\\\/\\\/etiketfabrikasi.com.tr\\\/#website\",\"url\":\"https:\\\/\\\/etiketfabrikasi.com.tr\\\/\",\"name\":\"ET\u0130KET FABR\u0130KASI\",\"description\":\"UNIQUE FASHIONS LABEL\",\"publisher\":{\"@id\":\"https:\\\/\\\/etiketfabrikasi.com.tr\\\/#organization\"},\"potentialAction\":[{\"@type\":\"SearchAction\",\"target\":{\"@type\":\"EntryPoint\",\"urlTemplate\":\"https:\\\/\\\/etiketfabrikasi.com.tr\\\/?s={search_term_string}\"},\"query-input\":{\"@type\":\"PropertyValueSpecification\",\"valueRequired\":true,\"valueName\":\"search_term_string\"}}],\"inLanguage\":\"tr\"},{\"@type\":\"Organization\",\"@id\":\"https:\\\/\\\/etiketfabrikasi.com.tr\\\/#organization\",\"name\":\"ET\u0130KET FABR\u0130KASI\",\"url\":\"https:\\\/\\\/etiketfabrikasi.com.tr\\\/\",\"logo\":{\"@type\":\"ImageObject\",\"inLanguage\":\"tr\",\"@id\":\"https:\\\/\\\/etiketfabrikasi.com.tr\\\/#\\\/schema\\\/logo\\\/image\\\/\",\"url\":\"https:\\\/\\\/etiketfabrikasi.com.tr\\\/wp-content\\\/uploads\\\/2025\\\/11\\\/cropped-cropped-cropped-cropped-cropped-cropped-cropped-logo.png\",\"contentUrl\":\"https:\\\/\\\/etiketfabrikasi.com.tr\\\/wp-content\\\/uploads\\\/2025\\\/11\\\/cropped-cropped-cropped-cropped-cropped-cropped-cropped-logo.png\",\"width\":1210,\"height\":209,\"caption\":\"ET\u0130KET FABR\u0130KASI\"},\"image\":{\"@id\":\"https:\\\/\\\/etiketfabrikasi.com.tr\\\/#\\\/schema\\\/logo\\\/image\\\/\"}}]}<\/script>\n<!-- \/ Yoast SEO plugin. -->","yoast_head_json":{"title":"KARTON\u00c7ANTA - ET\u0130KET FABR\u0130KASI","robots":{"index":"index","follow":"follow","max-snippet":"max-snippet:-1","max-image-preview":"max-image-preview:large","max-video-preview":"max-video-preview:-1"},"canonical":"https:\/\/etiketfabrikasi.com.tr\/index.php\/kartoncanta\/","og_locale":"tr_TR","og_type":"article","og_title":"KARTON\u00c7ANTA - ET\u0130KET FABR\u0130KASI","og_description":"KARTON \u00c7ANTALAR Markan\u0131z\u0131n m\u00fc\u015fterilerle kurdu\u011fu ilk temas noktalar\u0131ndan biridir ve \u00fcr\u00fcn\u00fcn\u00fcz kadar \u00f6nemli [&hellip;]","og_url":"https:\/\/etiketfabrikasi.com.tr\/index.php\/kartoncanta\/","og_site_name":"ET\u0130KET FABR\u0130KASI","article_modified_time":"2025-12-02T09:30:43+00:00","twitter_card":"summary_large_image","schema":{"@context":"https:\/\/schema.org","@graph":[{"@type":"WebPage","@id":"https:\/\/etiketfabrikasi.com.tr\/index.php\/kartoncanta\/","url":"https:\/\/etiketfabrikasi.com.tr\/index.php\/kartoncanta\/","name":"KARTON\u00c7ANTA - ET\u0130KET FABR\u0130KASI","isPartOf":{"@id":"https:\/\/etiketfabrikasi.com.tr\/#website"},"datePublished":"2025-12-01T14:49:28+00:00","dateModified":"2025-12-02T09:30:43+00:00","breadcrumb":{"@id":"https:\/\/etiketfabrikasi.com.tr\/index.php\/kartoncanta\/#breadcrumb"},"inLanguage":"tr","potentialAction":[{"@type":"ReadAction","target":["https:\/\/etiketfabrikasi.com.tr\/index.php\/kartoncanta\/"]}]},{"@type":"BreadcrumbList","@id":"https:\/\/etiketfabrikasi.com.tr\/index.php\/kartoncanta\/#breadcrumb","itemListElement":[{"@type":"ListItem","position":1,"name":"Anasayfa","item":"https:\/\/etiketfabrikasi.com.tr\/"},{"@type":"ListItem","position":2,"name":"KARTON\u00c7ANTA"}]},{"@type":"WebSite","@id":"https:\/\/etiketfabrikasi.com.tr\/#website","url":"https:\/\/etiketfabrikasi.com.tr\/","name":"ET\u0130KET FABR\u0130KASI","description":"UNIQUE FASHIONS LABEL","publisher":{"@id":"https:\/\/etiketfabrikasi.com.tr\/#organization"},"potentialAction":[{"@type":"SearchAction","target":{"@type":"EntryPoint","urlTemplate":"https:\/\/etiketfabrikasi.com.tr\/?s={search_term_string}"},"query-input":{"@type":"PropertyValueSpecification","valueRequired":true,"valueName":"search_term_string"}}],"inLanguage":"tr"},{"@type":"Organization","@id":"https:\/\/etiketfabrikasi.com.tr\/#organization","name":"ET\u0130KET FABR\u0130KASI","url":"https:\/\/etiketfabrikasi.com.tr\/","logo":{"@type":"ImageObject","inLanguage":"tr","@id":"https:\/\/etiketfabrikasi.com.tr\/#\/schema\/logo\/image\/","url":"https:\/\/etiketfabrikasi.com.tr\/wp-content\/uploads\/2025\/11\/cropped-cropped-cropped-cropped-cropped-cropped-cropped-logo.png","contentUrl":"https:\/\/etiketfabrikasi.com.tr\/wp-content\/uploads\/2025\/11\/cropped-cropped-cropped-cropped-cropped-cropped-cropped-logo.png","width":1210,"height":209,"caption":"ET\u0130KET FABR\u0130KASI"},"image":{"@id":"https:\/\/etiketfabrikasi.com.tr\/#\/schema\/logo\/image\/"}}]}},"_links":{"self":[{"href":"https:\/\/etiketfabrikasi.com.tr\/index.php\/wp-json\/wp\/v2\/pages\/2110","targetHints":{"allow":["GET"]}}],"collection":[{"href":"https:\/\/etiketfabrikasi.com.tr\/index.php\/wp-json\/wp\/v2\/pages"}],"about":[{"href":"https:\/\/etiketfabrikasi.com.tr\/index.php\/wp-json\/wp\/v2\/types\/page"}],"author":[{"embeddable":true,"href":"https:\/\/etiketfabrikasi.com.tr\/index.php\/wp-json\/wp\/v2\/users\/2"}],"replies":[{"embeddable":true,"href":"https:\/\/etiketfabrikasi.com.tr\/index.php\/wp-json\/wp\/v2\/comments?post=2110"}],"version-history":[{"count":3,"href":"https:\/\/etiketfabrikasi.com.tr\/index.php\/wp-json\/wp\/v2\/pages\/2110\/revisions"}],"predecessor-version":[{"id":2133,"href":"https:\/\/etiketfabrikasi.com.tr\/index.php\/wp-json\/wp\/v2\/pages\/2110\/revisions\/2133"}],"wp:attachment":[{"href":"https:\/\/etiketfabrikasi.com.tr\/index.php\/wp-json\/wp\/v2\/media?parent=2110"}],"curies":[{"name":"wp","href":"https:\/\/api.w.org\/{rel}","templated":true}]}}