{"id":2075,"date":"2025-12-01T13:49:04","date_gmt":"2025-12-01T13:49:04","guid":{"rendered":"https:\/\/etiketfabrikasi.com.tr\/?page_id=2075"},"modified":"2025-12-01T14:44:57","modified_gmt":"2025-12-01T14:44:57","slug":"kartonkutular","status":"publish","type":"page","link":"https:\/\/etiketfabrikasi.com.tr\/index.php\/kartonkutular\/","title":{"rendered":"KARTONKUTULAR"},"content":{"rendered":"<div data-colibri-id=\"2075-c1\" class=\"style-843 style-local-2075-c1 position-relative\">\n  <!---->\n  <div data-colibri-component=\"\" data-colibri-id=\"2075-c5\" id=\"photo-gallery\" class=\"h-photo-gallery margin-none caption-displayTrue caption-vertical-align-top style-847 style-local-2075-c5 position-relative h-element\">\n    <!---->\n    <div class=\"h-global-transition-all\"><div id='colibri-2075-c5' class='gallery-wrapper'>    <style type=\"text\/css\">\n\n        @media (min-width: 1023px) {        #colibri-2075-c5        dl {\n            float: left;\n            width: 33.333333333333% !important;\n            max-width: 33.333333333333% !important;\n            min-width: 33.333333333333% !important;\n        }\n\n        #colibri-2075-c5        dl:nth-of-type(3n +1 ) {\n            clear: both;\n        }\n\n        }@media (min-width: 768px) and (max-width: 1023px) {        #colibri-2075-c5        dl {\n            float: left;\n            width: 33.333333333333% !important;\n            max-width: 33.333333333333% !important;\n            min-width: 33.333333333333% !important;\n        }\n\n        #colibri-2075-c5        dl:nth-of-type(3n +1 ) {\n            clear: both;\n        }\n\n        }@media (max-width: 767px) {        #colibri-2075-c5        dl {\n            float: left;\n            width: 33.333333333333% !important;\n            max-width: 33.333333333333% !important;\n            min-width: 33.333333333333% !important;\n        }\n\n        #colibri-2075-c5        dl:nth-of-type(3n +1 ) {\n            clear: both;\n        }\n\n        }\n        #colibri-2075-c5        .gallery-item {\n            position: relative;\n        }\n\n        \n    <\/style>\n    <div   class='colibri-2075-c5-dls-wrapper gallery-items-wrapper' ><dl class='gallery-item masonry-item'>\n\t\t\t<dt class='gallery-icon portrait'>\n\t\t\t\t<a data-fancybox=\"colibri-2075-c5-group\" href='https:\/\/etiketfabrikasi.com.tr\/wp-content\/uploads\/2025\/12\/E-ticaret-kutusu.jpg'><img loading=\"lazy\" decoding=\"async\"  width=\"200\" height=\"300\" src=\"https:\/\/etiketfabrikasi.com.tr\/wp-content\/uploads\/2025\/12\/E-ticaret-kutusu-200x300.jpg\"  class='colibri-2075-c5-image' alt=\"\" srcset=\"https:\/\/etiketfabrikasi.com.tr\/wp-content\/uploads\/2025\/12\/E-ticaret-kutusu-200x300.jpg 200w, https:\/\/etiketfabrikasi.com.tr\/wp-content\/uploads\/2025\/12\/E-ticaret-kutusu-683x1024.jpg 683w, https:\/\/etiketfabrikasi.com.tr\/wp-content\/uploads\/2025\/12\/E-ticaret-kutusu-768x1152.jpg 768w, https:\/\/etiketfabrikasi.com.tr\/wp-content\/uploads\/2025\/12\/E-ticaret-kutusu-1024x1536.jpg 1024w, https:\/\/etiketfabrikasi.com.tr\/wp-content\/uploads\/2025\/12\/E-ticaret-kutusu.jpg 1200w\" sizes=\"auto, (max-width: 200px) 100vw, 200px\" \/><\/a>\n\t\t\t<\/dt><\/dl><dl class='gallery-item masonry-item'>\n\t\t\t<dt class='gallery-icon portrait'>\n\t\t\t\t<a data-fancybox=\"colibri-2075-c5-group\" href='https:\/\/etiketfabrikasi.com.tr\/wp-content\/uploads\/2025\/12\/kahve-kutusu.jpg'><img loading=\"lazy\" decoding=\"async\"  width=\"200\" height=\"300\" src=\"https:\/\/etiketfabrikasi.com.tr\/wp-content\/uploads\/2025\/12\/kahve-kutusu-200x300.jpg\"  class='colibri-2075-c5-image' alt=\"\" srcset=\"https:\/\/etiketfabrikasi.com.tr\/wp-content\/uploads\/2025\/12\/kahve-kutusu-200x300.jpg 200w, https:\/\/etiketfabrikasi.com.tr\/wp-content\/uploads\/2025\/12\/kahve-kutusu-683x1024.jpg 683w, https:\/\/etiketfabrikasi.com.tr\/wp-content\/uploads\/2025\/12\/kahve-kutusu-768x1152.jpg 768w, https:\/\/etiketfabrikasi.com.tr\/wp-content\/uploads\/2025\/12\/kahve-kutusu-1024x1536.jpg 1024w, https:\/\/etiketfabrikasi.com.tr\/wp-content\/uploads\/2025\/12\/kahve-kutusu.jpg 1200w\" sizes=\"auto, (max-width: 200px) 100vw, 200px\" \/><\/a>\n\t\t\t<\/dt><\/dl><dl class='gallery-item masonry-item'>\n\t\t\t<dt class='gallery-icon portrait'>\n\t\t\t\t<a data-fancybox=\"colibri-2075-c5-group\" href='https:\/\/etiketfabrikasi.com.tr\/wp-content\/uploads\/2025\/12\/oluklu-kutu-corrugated-box.jpg'><img loading=\"lazy\" decoding=\"async\"  width=\"200\" height=\"300\" src=\"https:\/\/etiketfabrikasi.com.tr\/wp-content\/uploads\/2025\/12\/oluklu-kutu-corrugated-box-200x300.jpg\"  class='colibri-2075-c5-image' alt=\"\" srcset=\"https:\/\/etiketfabrikasi.com.tr\/wp-content\/uploads\/2025\/12\/oluklu-kutu-corrugated-box-200x300.jpg 200w, https:\/\/etiketfabrikasi.com.tr\/wp-content\/uploads\/2025\/12\/oluklu-kutu-corrugated-box-683x1024.jpg 683w, https:\/\/etiketfabrikasi.com.tr\/wp-content\/uploads\/2025\/12\/oluklu-kutu-corrugated-box-768x1152.jpg 768w, https:\/\/etiketfabrikasi.com.tr\/wp-content\/uploads\/2025\/12\/oluklu-kutu-corrugated-box-1024x1536.jpg 1024w, https:\/\/etiketfabrikasi.com.tr\/wp-content\/uploads\/2025\/12\/oluklu-kutu-corrugated-box.jpg 1200w\" sizes=\"auto, (max-width: 200px) 100vw, 200px\" \/><\/a>\n\t\t\t<\/dt><\/dl><dl class='gallery-item masonry-item'>\n\t\t\t<dt class='gallery-icon portrait'>\n\t\t\t\t<a data-fancybox=\"colibri-2075-c5-group\" href='https:\/\/etiketfabrikasi.com.tr\/wp-content\/uploads\/2025\/12\/varak-baskili-cikolata-kutusu.jpg'><img loading=\"lazy\" decoding=\"async\"  width=\"200\" height=\"300\" src=\"https:\/\/etiketfabrikasi.com.tr\/wp-content\/uploads\/2025\/12\/varak-baskili-cikolata-kutusu-200x300.jpg\"  class='colibri-2075-c5-image' alt=\"\" srcset=\"https:\/\/etiketfabrikasi.com.tr\/wp-content\/uploads\/2025\/12\/varak-baskili-cikolata-kutusu-200x300.jpg 200w, https:\/\/etiketfabrikasi.com.tr\/wp-content\/uploads\/2025\/12\/varak-baskili-cikolata-kutusu-683x1024.jpg 683w, https:\/\/etiketfabrikasi.com.tr\/wp-content\/uploads\/2025\/12\/varak-baskili-cikolata-kutusu-768x1152.jpg 768w, https:\/\/etiketfabrikasi.com.tr\/wp-content\/uploads\/2025\/12\/varak-baskili-cikolata-kutusu-1024x1536.jpg 1024w, https:\/\/etiketfabrikasi.com.tr\/wp-content\/uploads\/2025\/12\/varak-baskili-cikolata-kutusu.jpg 1200w\" sizes=\"auto, (max-width: 200px) 100vw, 200px\" \/><\/a>\n\t\t\t<\/dt><\/dl><dl class='gallery-item masonry-item'>\n\t\t\t<dt class='gallery-icon portrait'>\n\t\t\t\t<a data-fancybox=\"colibri-2075-c5-group\" href='https:\/\/etiketfabrikasi.com.tr\/wp-content\/uploads\/2025\/12\/buyuk-taki-kutusu.jpg'><img loading=\"lazy\" decoding=\"async\"  width=\"200\" height=\"300\" src=\"https:\/\/etiketfabrikasi.com.tr\/wp-content\/uploads\/2025\/12\/buyuk-taki-kutusu-200x300.jpg\"  class='colibri-2075-c5-image' alt=\"\" srcset=\"https:\/\/etiketfabrikasi.com.tr\/wp-content\/uploads\/2025\/12\/buyuk-taki-kutusu-200x300.jpg 200w, https:\/\/etiketfabrikasi.com.tr\/wp-content\/uploads\/2025\/12\/buyuk-taki-kutusu-683x1024.jpg 683w, https:\/\/etiketfabrikasi.com.tr\/wp-content\/uploads\/2025\/12\/buyuk-taki-kutusu-768x1152.jpg 768w, https:\/\/etiketfabrikasi.com.tr\/wp-content\/uploads\/2025\/12\/buyuk-taki-kutusu-1024x1536.jpg 1024w, https:\/\/etiketfabrikasi.com.tr\/wp-content\/uploads\/2025\/12\/buyuk-taki-kutusu.jpg 1200w\" sizes=\"auto, (max-width: 200px) 100vw, 200px\" \/><\/a>\n\t\t\t<\/dt><\/dl><dl class='gallery-item masonry-item'>\n\t\t\t<dt class='gallery-icon portrait'>\n\t\t\t\t<a data-fancybox=\"colibri-2075-c5-group\" href='https:\/\/etiketfabrikasi.com.tr\/wp-content\/uploads\/2025\/12\/e-ticaret-kargo-kutusu.jpg'><img loading=\"lazy\" decoding=\"async\"  width=\"200\" height=\"300\" src=\"https:\/\/etiketfabrikasi.com.tr\/wp-content\/uploads\/2025\/12\/e-ticaret-kargo-kutusu-200x300.jpg\"  class='colibri-2075-c5-image' alt=\"\" srcset=\"https:\/\/etiketfabrikasi.com.tr\/wp-content\/uploads\/2025\/12\/e-ticaret-kargo-kutusu-200x300.jpg 200w, https:\/\/etiketfabrikasi.com.tr\/wp-content\/uploads\/2025\/12\/e-ticaret-kargo-kutusu-683x1024.jpg 683w, https:\/\/etiketfabrikasi.com.tr\/wp-content\/uploads\/2025\/12\/e-ticaret-kargo-kutusu-768x1152.jpg 768w, https:\/\/etiketfabrikasi.com.tr\/wp-content\/uploads\/2025\/12\/e-ticaret-kargo-kutusu-1024x1536.jpg 1024w, https:\/\/etiketfabrikasi.com.tr\/wp-content\/uploads\/2025\/12\/e-ticaret-kargo-kutusu.jpg 1200w\" sizes=\"auto, (max-width: 200px) 100vw, 200px\" \/><\/a>\n\t\t\t<\/dt><\/dl><dl class='gallery-item masonry-item'>\n\t\t\t<dt class='gallery-icon landscape'>\n\t\t\t\t<a data-fancybox=\"colibri-2075-c5-group\" href='https:\/\/etiketfabrikasi.com.tr\/wp-content\/uploads\/2025\/12\/parfum-kutusu-tasarimi.jpg'><img loading=\"lazy\" decoding=\"async\"  width=\"300\" height=\"300\" src=\"https:\/\/etiketfabrikasi.com.tr\/wp-content\/uploads\/2025\/12\/parfum-kutusu-tasarimi-300x300.jpg\"  class='colibri-2075-c5-image' alt=\"\" srcset=\"https:\/\/etiketfabrikasi.com.tr\/wp-content\/uploads\/2025\/12\/parfum-kutusu-tasarimi-300x300.jpg 300w, https:\/\/etiketfabrikasi.com.tr\/wp-content\/uploads\/2025\/12\/parfum-kutusu-tasarimi-1024x1024.jpg 1024w, https:\/\/etiketfabrikasi.com.tr\/wp-content\/uploads\/2025\/12\/parfum-kutusu-tasarimi-150x150.jpg 150w, https:\/\/etiketfabrikasi.com.tr\/wp-content\/uploads\/2025\/12\/parfum-kutusu-tasarimi-768x768.jpg 768w, https:\/\/etiketfabrikasi.com.tr\/wp-content\/uploads\/2025\/12\/parfum-kutusu-tasarimi.jpg 1200w\" sizes=\"auto, (max-width: 300px) 100vw, 300px\" \/><\/a>\n\t\t\t<\/dt><\/dl><dl class='gallery-item masonry-item'>\n\t\t\t<dt class='gallery-icon landscape'>\n\t\t\t\t<a data-fancybox=\"colibri-2075-c5-group\" href='https:\/\/etiketfabrikasi.com.tr\/wp-content\/uploads\/2025\/12\/baskili-e-ticaret-kutusu-1.jpg'><img loading=\"lazy\" decoding=\"async\"  width=\"300\" height=\"300\" src=\"https:\/\/etiketfabrikasi.com.tr\/wp-content\/uploads\/2025\/12\/baskili-e-ticaret-kutusu-1-300x300.jpg\"  class='colibri-2075-c5-image' alt=\"\" srcset=\"https:\/\/etiketfabrikasi.com.tr\/wp-content\/uploads\/2025\/12\/baskili-e-ticaret-kutusu-1-300x300.jpg 300w, https:\/\/etiketfabrikasi.com.tr\/wp-content\/uploads\/2025\/12\/baskili-e-ticaret-kutusu-1-1024x1024.jpg 1024w, https:\/\/etiketfabrikasi.com.tr\/wp-content\/uploads\/2025\/12\/baskili-e-ticaret-kutusu-1-150x150.jpg 150w, https:\/\/etiketfabrikasi.com.tr\/wp-content\/uploads\/2025\/12\/baskili-e-ticaret-kutusu-1-768x768.jpg 768w, https:\/\/etiketfabrikasi.com.tr\/wp-content\/uploads\/2025\/12\/baskili-e-ticaret-kutusu-1.jpg 1200w\" sizes=\"auto, (max-width: 300px) 100vw, 300px\" \/><\/a>\n\t\t\t<\/dt><\/dl><dl class='gallery-item masonry-item'>\n\t\t\t<dt class='gallery-icon landscape'>\n\t\t\t\t<a data-fancybox=\"colibri-2075-c5-group\" href='https:\/\/etiketfabrikasi.com.tr\/wp-content\/uploads\/2025\/12\/corrugated-box-manufacturers.jpg'><img loading=\"lazy\" decoding=\"async\"  width=\"300\" height=\"300\" src=\"https:\/\/etiketfabrikasi.com.tr\/wp-content\/uploads\/2025\/12\/corrugated-box-manufacturers-300x300.jpg\"  class='colibri-2075-c5-image' alt=\"\" srcset=\"https:\/\/etiketfabrikasi.com.tr\/wp-content\/uploads\/2025\/12\/corrugated-box-manufacturers-300x300.jpg 300w, https:\/\/etiketfabrikasi.com.tr\/wp-content\/uploads\/2025\/12\/corrugated-box-manufacturers-1024x1024.jpg 1024w, https:\/\/etiketfabrikasi.com.tr\/wp-content\/uploads\/2025\/12\/corrugated-box-manufacturers-150x150.jpg 150w, https:\/\/etiketfabrikasi.com.tr\/wp-content\/uploads\/2025\/12\/corrugated-box-manufacturers-768x768.jpg 768w, https:\/\/etiketfabrikasi.com.tr\/wp-content\/uploads\/2025\/12\/corrugated-box-manufacturers.jpg 1200w\" sizes=\"auto, (max-width: 300px) 100vw, 300px\" \/><\/a>\n\t\t\t<\/dt><\/dl>\n\t\t\t\n\t\t<\/div>\n<style>#colibri-2075-c5 .wp-caption-text.gallery-caption{display:none;}<\/style><\/div><\/div>\n  <\/div>\n  <div data-colibri-component=\"section\" data-colibri-id=\"2075-c2\" id=\"custom\" class=\"h-section h-section-global-spacing d-flex align-items-lg-center align-items-md-center align-items-center style-844 style-local-2075-c2 position-relative\">\n    <!---->\n    <!---->\n    <div class=\"h-section-grid-container h-section-boxed-container\">\n      <!---->\n      <div data-colibri-id=\"2075-c6\" class=\"h-row-container gutters-row-lg-2 gutters-row-md-2 gutters-row-0 gutters-row-v-lg-2 gutters-row-v-md-2 gutters-row-v-2 style-848 style-local-2075-c6 position-relative\">\n        <!---->\n        <div class=\"h-row justify-content-lg-center justify-content-md-center justify-content-center align-items-lg-stretch align-items-md-stretch align-items-stretch gutters-col-lg-2 gutters-col-md-2 gutters-col-0 gutters-col-v-lg-2 gutters-col-v-md-2 gutters-col-v-2\">\n          <!---->\n          <div class=\"h-column h-column-container d-flex h-col-lg-auto h-col-md-auto h-col-auto style-849-outer style-local-2075-c7-outer\">\n            <div data-colibri-id=\"2075-c7\" class=\"d-flex h-flex-basis h-column__inner h-px-lg-2 h-px-md-2 h-px-2 v-inner-lg-2 v-inner-md-2 v-inner-2 style-849 style-local-2075-c7 position-relative\">\n              <!---->\n              <!---->\n              <div class=\"w-100 h-y-container h-column__content h-column__v-align flex-basis-100 align-self-lg-start align-self-md-start align-self-start\">\n                <!---->\n                <div data-colibri-id=\"2075-c8\" class=\"h-global-transition-all h-heading style-850 style-local-2075-c8 position-relative h-element\">\n                  <!---->\n                  <div class=\"h-heading__outer style-850 style-local-2075-c8\">\n                    <!---->\n                    <!---->\n                    <h2 class=\"\">KARTON KUTULAR<\/h2>\n                  <\/div>\n                <\/div>\n                <div data-colibri-id=\"2075-c9\" class=\"h-text h-text-component style-851 style-local-2075-c9 position-relative h-element\">\n                  <!---->\n                  <!---->\n                  <div class=\"\">\n                    <p>Modern markalar\u0131n vazge\u00e7ilmez tamamlay\u0131c\u0131s\u0131 olan \u00f6zel \u00fcretim kutu ve ambalaj \u00e7\u00f6z\u00fcmlerimiz, \u00fcr\u00fcnlerinizi yaln\u0131zca korumakla kalmaz;\n                      <br>Ayn\u0131 zamanda marka kimli\u011finizi g\u00fc\u00e7lendirir, m\u00fc\u015fteri deneyimini \u00fcst seviyeye ta\u015f\u0131r ve sat\u0131\u015flar\u0131n\u0131z\u0131 art\u0131r\u0131r.<\/p>\n                    <p>E-ticaret kutular\u0131ndan l\u00fcks hediye kutular\u0131na, tak\u0131 ve kozmetik ambalajlar\u0131ndan \u00f6zel tasar\u0131m mukavva kutulara kadar geni\u015f \u00fcretim yelpazemizle;\n                      <br>Markan\u0131za \u00f6zg\u00fc estetik, fonksiyonel ve dayan\u0131kl\u0131 \u00e7\u00f6z\u00fcmler sunuyoruz.\n                      <br>Her kutu modeli; \u00fcr\u00fcn yap\u0131s\u0131na, kullan\u0131m amac\u0131na ve ambalaj trendlerine g\u00f6re \u00f6zel olarak tasarlan\u0131r.<\/p>\n                    <p>Kullan\u0131lan malzemeler aras\u0131nda <strong>oluklu mukavva, sert kapak kutu (rigid box), kraft karton, \u00f6zel dokulu ka\u011f\u0131tlar, deri kaplamalar ve selefonlu y\u00fczey se\u00e7enekleri<\/strong> bulunur.\n                      <br>Bask\u0131 ve uygulama se\u00e7eneklerimiz ise <strong>varak yald\u0131z, kabartma, UV lak, serigrafi bask\u0131, \u00f6zel kesim, i\u00e7 b\u00f6lmeli \u00fcretim ve m\u0131knat\u0131sl\u0131 kapak<\/strong> gibi premium detaylarla zenginle\u015ftirilir.<\/p>\n                    <p>Markan\u0131z i\u00e7in tasarlanan her ambalaj; raflarda dikkat \u00e7eker, sosyal medya payla\u015f\u0131mlar\u0131nda de\u011fer yarat\u0131r ve m\u00fc\u015fterilerin zihninde unutulmaz bir alg\u0131 olu\u015fturur.<\/p>\n                    <p><strong>\u00dcr\u00fcn sat\u0131l\u0131r, marka ambalajla hat\u0131rlan\u0131r.<\/strong>\n                      <br> Siz hayal edin, biz tasarlayal\u0131m.<\/p>\n                  <\/div>\n                <\/div>\n              <\/div>\n            <\/div>\n          <\/div>\n        <\/div>\n      <\/div>\n    <\/div>\n  <\/div>\n<\/div>","protected":false},"excerpt":{"rendered":"<p>KARTON KUTULAR Modern markalar\u0131n vazge\u00e7ilmez tamamlay\u0131c\u0131s\u0131 olan \u00f6zel \u00fcretim kutu ve ambalaj \u00e7\u00f6z\u00fcmlerimiz, [&hellip;]<\/p>\n","protected":false},"author":2,"featured_media":0,"parent":0,"menu_order":0,"comment_status":"closed","ping_status":"closed","template":"page-templates\/full-width-page.php","meta":{"footnotes":""},"class_list":["post-2075","page","type-page","status-publish","hentry"],"yoast_head":"<!-- This site is optimized with the Yoast SEO plugin v27.3 - https:\/\/yoast.com\/product\/yoast-seo-wordpress\/ -->\n<title>KARTONKUTULAR - ET\u0130KET FABR\u0130KASI<\/title>\n<meta name=\"robots\" content=\"index, follow, max-snippet:-1, max-image-preview:large, max-video-preview:-1\" \/>\n<link rel=\"canonical\" href=\"https:\/\/etiketfabrikasi.com.tr\/index.php\/kartonkutular\/\" \/>\n<meta property=\"og:locale\" content=\"tr_TR\" \/>\n<meta property=\"og:type\" content=\"article\" \/>\n<meta property=\"og:title\" content=\"KARTONKUTULAR - ET\u0130KET FABR\u0130KASI\" \/>\n<meta property=\"og:description\" content=\"KARTON KUTULAR Modern markalar\u0131n vazge\u00e7ilmez tamamlay\u0131c\u0131s\u0131 olan \u00f6zel \u00fcretim kutu ve ambalaj \u00e7\u00f6z\u00fcmlerimiz, [&hellip;]\" \/>\n<meta property=\"og:url\" content=\"https:\/\/etiketfabrikasi.com.tr\/index.php\/kartonkutular\/\" \/>\n<meta property=\"og:site_name\" content=\"ET\u0130KET FABR\u0130KASI\" \/>\n<meta property=\"article:modified_time\" content=\"2025-12-01T14:44:57+00:00\" \/>\n<meta name=\"twitter:card\" content=\"summary_large_image\" \/>\n<script type=\"application\/ld+json\" class=\"yoast-schema-graph\">{\"@context\":\"https:\\\/\\\/schema.org\",\"@graph\":[{\"@type\":\"WebPage\",\"@id\":\"https:\\\/\\\/etiketfabrikasi.com.tr\\\/index.php\\\/kartonkutular\\\/\",\"url\":\"https:\\\/\\\/etiketfabrikasi.com.tr\\\/index.php\\\/kartonkutular\\\/\",\"name\":\"KARTONKUTULAR - ET\u0130KET FABR\u0130KASI\",\"isPartOf\":{\"@id\":\"https:\\\/\\\/etiketfabrikasi.com.tr\\\/#website\"},\"datePublished\":\"2025-12-01T13:49:04+00:00\",\"dateModified\":\"2025-12-01T14:44:57+00:00\",\"breadcrumb\":{\"@id\":\"https:\\\/\\\/etiketfabrikasi.com.tr\\\/index.php\\\/kartonkutular\\\/#breadcrumb\"},\"inLanguage\":\"tr\",\"potentialAction\":[{\"@type\":\"ReadAction\",\"target\":[\"https:\\\/\\\/etiketfabrikasi.com.tr\\\/index.php\\\/kartonkutular\\\/\"]}]},{\"@type\":\"BreadcrumbList\",\"@id\":\"https:\\\/\\\/etiketfabrikasi.com.tr\\\/index.php\\\/kartonkutular\\\/#breadcrumb\",\"itemListElement\":[{\"@type\":\"ListItem\",\"position\":1,\"name\":\"Anasayfa\",\"item\":\"https:\\\/\\\/etiketfabrikasi.com.tr\\\/\"},{\"@type\":\"ListItem\",\"position\":2,\"name\":\"KARTONKUTULAR\"}]},{\"@type\":\"WebSite\",\"@id\":\"https:\\\/\\\/etiketfabrikasi.com.tr\\\/#website\",\"url\":\"https:\\\/\\\/etiketfabrikasi.com.tr\\\/\",\"name\":\"ET\u0130KET FABR\u0130KASI\",\"description\":\"UNIQUE FASHIONS LABEL\",\"publisher\":{\"@id\":\"https:\\\/\\\/etiketfabrikasi.com.tr\\\/#organization\"},\"potentialAction\":[{\"@type\":\"SearchAction\",\"target\":{\"@type\":\"EntryPoint\",\"urlTemplate\":\"https:\\\/\\\/etiketfabrikasi.com.tr\\\/?s={search_term_string}\"},\"query-input\":{\"@type\":\"PropertyValueSpecification\",\"valueRequired\":true,\"valueName\":\"search_term_string\"}}],\"inLanguage\":\"tr\"},{\"@type\":\"Organization\",\"@id\":\"https:\\\/\\\/etiketfabrikasi.com.tr\\\/#organization\",\"name\":\"ET\u0130KET FABR\u0130KASI\",\"url\":\"https:\\\/\\\/etiketfabrikasi.com.tr\\\/\",\"logo\":{\"@type\":\"ImageObject\",\"inLanguage\":\"tr\",\"@id\":\"https:\\\/\\\/etiketfabrikasi.com.tr\\\/#\\\/schema\\\/logo\\\/image\\\/\",\"url\":\"https:\\\/\\\/etiketfabrikasi.com.tr\\\/wp-content\\\/uploads\\\/2025\\\/11\\\/cropped-cropped-cropped-cropped-cropped-cropped-cropped-logo.png\",\"contentUrl\":\"https:\\\/\\\/etiketfabrikasi.com.tr\\\/wp-content\\\/uploads\\\/2025\\\/11\\\/cropped-cropped-cropped-cropped-cropped-cropped-cropped-logo.png\",\"width\":1210,\"height\":209,\"caption\":\"ET\u0130KET FABR\u0130KASI\"},\"image\":{\"@id\":\"https:\\\/\\\/etiketfabrikasi.com.tr\\\/#\\\/schema\\\/logo\\\/image\\\/\"}}]}<\/script>\n<!-- \/ Yoast SEO plugin. -->","yoast_head_json":{"title":"KARTONKUTULAR - ET\u0130KET FABR\u0130KASI","robots":{"index":"index","follow":"follow","max-snippet":"max-snippet:-1","max-image-preview":"max-image-preview:large","max-video-preview":"max-video-preview:-1"},"canonical":"https:\/\/etiketfabrikasi.com.tr\/index.php\/kartonkutular\/","og_locale":"tr_TR","og_type":"article","og_title":"KARTONKUTULAR - ET\u0130KET FABR\u0130KASI","og_description":"KARTON KUTULAR Modern markalar\u0131n vazge\u00e7ilmez tamamlay\u0131c\u0131s\u0131 olan \u00f6zel \u00fcretim kutu ve ambalaj \u00e7\u00f6z\u00fcmlerimiz, [&hellip;]","og_url":"https:\/\/etiketfabrikasi.com.tr\/index.php\/kartonkutular\/","og_site_name":"ET\u0130KET FABR\u0130KASI","article_modified_time":"2025-12-01T14:44:57+00:00","twitter_card":"summary_large_image","schema":{"@context":"https:\/\/schema.org","@graph":[{"@type":"WebPage","@id":"https:\/\/etiketfabrikasi.com.tr\/index.php\/kartonkutular\/","url":"https:\/\/etiketfabrikasi.com.tr\/index.php\/kartonkutular\/","name":"KARTONKUTULAR - ET\u0130KET FABR\u0130KASI","isPartOf":{"@id":"https:\/\/etiketfabrikasi.com.tr\/#website"},"datePublished":"2025-12-01T13:49:04+00:00","dateModified":"2025-12-01T14:44:57+00:00","breadcrumb":{"@id":"https:\/\/etiketfabrikasi.com.tr\/index.php\/kartonkutular\/#breadcrumb"},"inLanguage":"tr","potentialAction":[{"@type":"ReadAction","target":["https:\/\/etiketfabrikasi.com.tr\/index.php\/kartonkutular\/"]}]},{"@type":"BreadcrumbList","@id":"https:\/\/etiketfabrikasi.com.tr\/index.php\/kartonkutular\/#breadcrumb","itemListElement":[{"@type":"ListItem","position":1,"name":"Anasayfa","item":"https:\/\/etiketfabrikasi.com.tr\/"},{"@type":"ListItem","position":2,"name":"KARTONKUTULAR"}]},{"@type":"WebSite","@id":"https:\/\/etiketfabrikasi.com.tr\/#website","url":"https:\/\/etiketfabrikasi.com.tr\/","name":"ET\u0130KET FABR\u0130KASI","description":"UNIQUE FASHIONS LABEL","publisher":{"@id":"https:\/\/etiketfabrikasi.com.tr\/#organization"},"potentialAction":[{"@type":"SearchAction","target":{"@type":"EntryPoint","urlTemplate":"https:\/\/etiketfabrikasi.com.tr\/?s={search_term_string}"},"query-input":{"@type":"PropertyValueSpecification","valueRequired":true,"valueName":"search_term_string"}}],"inLanguage":"tr"},{"@type":"Organization","@id":"https:\/\/etiketfabrikasi.com.tr\/#organization","name":"ET\u0130KET FABR\u0130KASI","url":"https:\/\/etiketfabrikasi.com.tr\/","logo":{"@type":"ImageObject","inLanguage":"tr","@id":"https:\/\/etiketfabrikasi.com.tr\/#\/schema\/logo\/image\/","url":"https:\/\/etiketfabrikasi.com.tr\/wp-content\/uploads\/2025\/11\/cropped-cropped-cropped-cropped-cropped-cropped-cropped-logo.png","contentUrl":"https:\/\/etiketfabrikasi.com.tr\/wp-content\/uploads\/2025\/11\/cropped-cropped-cropped-cropped-cropped-cropped-cropped-logo.png","width":1210,"height":209,"caption":"ET\u0130KET FABR\u0130KASI"},"image":{"@id":"https:\/\/etiketfabrikasi.com.tr\/#\/schema\/logo\/image\/"}}]}},"_links":{"self":[{"href":"https:\/\/etiketfabrikasi.com.tr\/index.php\/wp-json\/wp\/v2\/pages\/2075","targetHints":{"allow":["GET"]}}],"collection":[{"href":"https:\/\/etiketfabrikasi.com.tr\/index.php\/wp-json\/wp\/v2\/pages"}],"about":[{"href":"https:\/\/etiketfabrikasi.com.tr\/index.php\/wp-json\/wp\/v2\/types\/page"}],"author":[{"embeddable":true,"href":"https:\/\/etiketfabrikasi.com.tr\/index.php\/wp-json\/wp\/v2\/users\/2"}],"replies":[{"embeddable":true,"href":"https:\/\/etiketfabrikasi.com.tr\/index.php\/wp-json\/wp\/v2\/comments?post=2075"}],"version-history":[{"count":2,"href":"https:\/\/etiketfabrikasi.com.tr\/index.php\/wp-json\/wp\/v2\/pages\/2075\/revisions"}],"predecessor-version":[{"id":2098,"href":"https:\/\/etiketfabrikasi.com.tr\/index.php\/wp-json\/wp\/v2\/pages\/2075\/revisions\/2098"}],"wp:attachment":[{"href":"https:\/\/etiketfabrikasi.com.tr\/index.php\/wp-json\/wp\/v2\/media?parent=2075"}],"curies":[{"name":"wp","href":"https:\/\/api.w.org\/{rel}","templated":true}]}}