{"id":1903,"date":"2025-12-01T10:56:54","date_gmt":"2025-12-01T10:56:54","guid":{"rendered":"https:\/\/etiketfabrikasi.com.tr\/?page_id=1903"},"modified":"2025-12-01T13:21:49","modified_gmt":"2025-12-01T13:21:49","slug":"dokumaetiket","status":"publish","type":"page","link":"https:\/\/etiketfabrikasi.com.tr\/index.php\/dokumaetiket\/","title":{"rendered":"DokumaEtiket"},"content":{"rendered":"<div data-colibri-id=\"1903-c1\" class=\"style-774 style-local-1903-c1 position-relative\">\n  <!---->\n  <div data-colibri-component=\"\" data-colibri-id=\"1903-c2\" id=\"photo-gallery\" class=\"h-photo-gallery margin-none caption-none style-778 style-local-1903-c2 position-relative h-element\">\n    <!---->\n    <div class=\"h-global-transition-all\"><div id='colibri-1903-c2' class='gallery-wrapper'>    <style type=\"text\/css\">\n\n        @media (min-width: 1023px) {        #colibri-1903-c2        dl {\n            float: left;\n            width: 25% !important;\n            max-width: 25% !important;\n            min-width: 25% !important;\n        }\n\n        #colibri-1903-c2        dl:nth-of-type(4n +1 ) {\n            clear: both;\n        }\n\n        }@media (min-width: 768px) and (max-width: 1023px) {        #colibri-1903-c2        dl {\n            float: left;\n            width: 25% !important;\n            max-width: 25% !important;\n            min-width: 25% !important;\n        }\n\n        #colibri-1903-c2        dl:nth-of-type(4n +1 ) {\n            clear: both;\n        }\n\n        }@media (max-width: 767px) {        #colibri-1903-c2        dl {\n            float: left;\n            width: 25% !important;\n            max-width: 25% !important;\n            min-width: 25% !important;\n        }\n\n        #colibri-1903-c2        dl:nth-of-type(4n +1 ) {\n            clear: both;\n        }\n\n        }\n        #colibri-1903-c2        .gallery-item {\n            position: relative;\n        }\n\n        \n    <\/style>\n    <div   class='colibri-1903-c2-dls-wrapper gallery-items-wrapper' ><dl class='gallery-item masonry-item'>\n\t\t\t<dt class='gallery-icon portrait'>\n\t\t\t\t<a data-fancybox=\"colibri-1903-c2-group\" href='https:\/\/etiketfabrikasi.com.tr\/wp-content\/uploads\/2025\/12\/IMG_4261.jpg'><img loading=\"lazy\" decoding=\"async\"  width=\"225\" height=\"300\" src=\"https:\/\/etiketfabrikasi.com.tr\/wp-content\/uploads\/2025\/12\/IMG_4261-225x300.jpg\"  class='colibri-1903-c2-image' alt=\"\" srcset=\"https:\/\/etiketfabrikasi.com.tr\/wp-content\/uploads\/2025\/12\/IMG_4261-225x300.jpg 225w, https:\/\/etiketfabrikasi.com.tr\/wp-content\/uploads\/2025\/12\/IMG_4261-768x1024.jpg 768w, https:\/\/etiketfabrikasi.com.tr\/wp-content\/uploads\/2025\/12\/IMG_4261-1152x1536.jpg 1152w, https:\/\/etiketfabrikasi.com.tr\/wp-content\/uploads\/2025\/12\/IMG_4261.jpg 1200w\" sizes=\"auto, (max-width: 225px) 100vw, 225px\" \/><\/a>\n\t\t\t<\/dt><\/dl><dl class='gallery-item masonry-item'>\n\t\t\t<dt class='gallery-icon portrait'>\n\t\t\t\t<a data-fancybox=\"colibri-1903-c2-group\" href='https:\/\/etiketfabrikasi.com.tr\/wp-content\/uploads\/2025\/12\/IMG_4268.jpg'><img loading=\"lazy\" decoding=\"async\"  width=\"225\" height=\"300\" src=\"https:\/\/etiketfabrikasi.com.tr\/wp-content\/uploads\/2025\/12\/IMG_4268-225x300.jpg\"  class='colibri-1903-c2-image' alt=\"\" srcset=\"https:\/\/etiketfabrikasi.com.tr\/wp-content\/uploads\/2025\/12\/IMG_4268-225x300.jpg 225w, https:\/\/etiketfabrikasi.com.tr\/wp-content\/uploads\/2025\/12\/IMG_4268-768x1024.jpg 768w, https:\/\/etiketfabrikasi.com.tr\/wp-content\/uploads\/2025\/12\/IMG_4268-1152x1536.jpg 1152w, https:\/\/etiketfabrikasi.com.tr\/wp-content\/uploads\/2025\/12\/IMG_4268.jpg 1200w\" sizes=\"auto, (max-width: 225px) 100vw, 225px\" \/><\/a>\n\t\t\t<\/dt><\/dl><dl class='gallery-item masonry-item'>\n\t\t\t<dt class='gallery-icon portrait'>\n\t\t\t\t<a data-fancybox=\"colibri-1903-c2-group\" href='https:\/\/etiketfabrikasi.com.tr\/wp-content\/uploads\/2025\/12\/IMG_4274.jpg'><img loading=\"lazy\" decoding=\"async\"  width=\"225\" height=\"300\" src=\"https:\/\/etiketfabrikasi.com.tr\/wp-content\/uploads\/2025\/12\/IMG_4274-225x300.jpg\"  class='colibri-1903-c2-image' alt=\"\" srcset=\"https:\/\/etiketfabrikasi.com.tr\/wp-content\/uploads\/2025\/12\/IMG_4274-225x300.jpg 225w, https:\/\/etiketfabrikasi.com.tr\/wp-content\/uploads\/2025\/12\/IMG_4274-768x1024.jpg 768w, https:\/\/etiketfabrikasi.com.tr\/wp-content\/uploads\/2025\/12\/IMG_4274-1152x1536.jpg 1152w, https:\/\/etiketfabrikasi.com.tr\/wp-content\/uploads\/2025\/12\/IMG_4274.jpg 1200w\" sizes=\"auto, (max-width: 225px) 100vw, 225px\" \/><\/a>\n\t\t\t<\/dt><\/dl><dl class='gallery-item masonry-item'>\n\t\t\t<dt class='gallery-icon portrait'>\n\t\t\t\t<a data-fancybox=\"colibri-1903-c2-group\" href='https:\/\/etiketfabrikasi.com.tr\/wp-content\/uploads\/2025\/12\/IMG_4277.jpg'><img loading=\"lazy\" decoding=\"async\"  width=\"225\" height=\"300\" src=\"https:\/\/etiketfabrikasi.com.tr\/wp-content\/uploads\/2025\/12\/IMG_4277-225x300.jpg\"  class='colibri-1903-c2-image' alt=\"\" srcset=\"https:\/\/etiketfabrikasi.com.tr\/wp-content\/uploads\/2025\/12\/IMG_4277-225x300.jpg 225w, https:\/\/etiketfabrikasi.com.tr\/wp-content\/uploads\/2025\/12\/IMG_4277-768x1024.jpg 768w, https:\/\/etiketfabrikasi.com.tr\/wp-content\/uploads\/2025\/12\/IMG_4277-1152x1536.jpg 1152w, https:\/\/etiketfabrikasi.com.tr\/wp-content\/uploads\/2025\/12\/IMG_4277.jpg 1200w\" sizes=\"auto, (max-width: 225px) 100vw, 225px\" \/><\/a>\n\t\t\t<\/dt><\/dl><dl class='gallery-item masonry-item'>\n\t\t\t<dt class='gallery-icon portrait'>\n\t\t\t\t<a data-fancybox=\"colibri-1903-c2-group\" href='https:\/\/etiketfabrikasi.com.tr\/wp-content\/uploads\/2025\/12\/IMG_4313.jpg'><img loading=\"lazy\" decoding=\"async\"  width=\"225\" height=\"300\" src=\"https:\/\/etiketfabrikasi.com.tr\/wp-content\/uploads\/2025\/12\/IMG_4313-225x300.jpg\"  class='colibri-1903-c2-image' alt=\"\" srcset=\"https:\/\/etiketfabrikasi.com.tr\/wp-content\/uploads\/2025\/12\/IMG_4313-225x300.jpg 225w, https:\/\/etiketfabrikasi.com.tr\/wp-content\/uploads\/2025\/12\/IMG_4313-768x1024.jpg 768w, https:\/\/etiketfabrikasi.com.tr\/wp-content\/uploads\/2025\/12\/IMG_4313-1152x1536.jpg 1152w, https:\/\/etiketfabrikasi.com.tr\/wp-content\/uploads\/2025\/12\/IMG_4313.jpg 1200w\" sizes=\"auto, (max-width: 225px) 100vw, 225px\" \/><\/a>\n\t\t\t<\/dt><\/dl><dl class='gallery-item masonry-item'>\n\t\t\t<dt class='gallery-icon portrait'>\n\t\t\t\t<a data-fancybox=\"colibri-1903-c2-group\" href='https:\/\/etiketfabrikasi.com.tr\/wp-content\/uploads\/2025\/12\/IMG_4322.jpg'><img loading=\"lazy\" decoding=\"async\"  width=\"225\" height=\"300\" src=\"https:\/\/etiketfabrikasi.com.tr\/wp-content\/uploads\/2025\/12\/IMG_4322-225x300.jpg\"  class='colibri-1903-c2-image' alt=\"\" srcset=\"https:\/\/etiketfabrikasi.com.tr\/wp-content\/uploads\/2025\/12\/IMG_4322-225x300.jpg 225w, https:\/\/etiketfabrikasi.com.tr\/wp-content\/uploads\/2025\/12\/IMG_4322-768x1024.jpg 768w, https:\/\/etiketfabrikasi.com.tr\/wp-content\/uploads\/2025\/12\/IMG_4322-1152x1536.jpg 1152w, https:\/\/etiketfabrikasi.com.tr\/wp-content\/uploads\/2025\/12\/IMG_4322.jpg 1200w\" sizes=\"auto, (max-width: 225px) 100vw, 225px\" \/><\/a>\n\t\t\t<\/dt><\/dl><dl class='gallery-item masonry-item'>\n\t\t\t<dt class='gallery-icon portrait'>\n\t\t\t\t<a data-fancybox=\"colibri-1903-c2-group\" href='https:\/\/etiketfabrikasi.com.tr\/wp-content\/uploads\/2025\/12\/IMG_4331.jpg'><img loading=\"lazy\" decoding=\"async\"  width=\"225\" height=\"300\" src=\"https:\/\/etiketfabrikasi.com.tr\/wp-content\/uploads\/2025\/12\/IMG_4331-225x300.jpg\"  class='colibri-1903-c2-image' alt=\"\" srcset=\"https:\/\/etiketfabrikasi.com.tr\/wp-content\/uploads\/2025\/12\/IMG_4331-225x300.jpg 225w, https:\/\/etiketfabrikasi.com.tr\/wp-content\/uploads\/2025\/12\/IMG_4331-768x1024.jpg 768w, https:\/\/etiketfabrikasi.com.tr\/wp-content\/uploads\/2025\/12\/IMG_4331-1152x1536.jpg 1152w, https:\/\/etiketfabrikasi.com.tr\/wp-content\/uploads\/2025\/12\/IMG_4331.jpg 1200w\" sizes=\"auto, (max-width: 225px) 100vw, 225px\" \/><\/a>\n\t\t\t<\/dt><\/dl><dl class='gallery-item masonry-item'>\n\t\t\t<dt class='gallery-icon portrait'>\n\t\t\t\t<a data-fancybox=\"colibri-1903-c2-group\" href='https:\/\/etiketfabrikasi.com.tr\/wp-content\/uploads\/2025\/12\/IMG_4366.jpg'><img loading=\"lazy\" decoding=\"async\"  width=\"225\" height=\"300\" src=\"https:\/\/etiketfabrikasi.com.tr\/wp-content\/uploads\/2025\/12\/IMG_4366-225x300.jpg\"  class='colibri-1903-c2-image' alt=\"\" srcset=\"https:\/\/etiketfabrikasi.com.tr\/wp-content\/uploads\/2025\/12\/IMG_4366-225x300.jpg 225w, https:\/\/etiketfabrikasi.com.tr\/wp-content\/uploads\/2025\/12\/IMG_4366-768x1024.jpg 768w, https:\/\/etiketfabrikasi.com.tr\/wp-content\/uploads\/2025\/12\/IMG_4366-1152x1536.jpg 1152w, https:\/\/etiketfabrikasi.com.tr\/wp-content\/uploads\/2025\/12\/IMG_4366.jpg 1200w\" sizes=\"auto, (max-width: 225px) 100vw, 225px\" \/><\/a>\n\t\t\t<\/dt><\/dl>\n\t\t<\/div>\n<style>#colibri-1903-c2 .wp-caption-text.gallery-caption{display:none;}<\/style><\/div><\/div>\n  <\/div>\n  <div data-colibri-component=\"section\" data-colibri-id=\"1903-c3\" id=\"custom\" class=\"h-section h-section-global-spacing d-flex align-items-lg-center align-items-md-center align-items-center style-812 style-local-1903-c3 position-relative\">\n    <!---->\n    <!---->\n    <div class=\"h-section-grid-container h-section-boxed-container\">\n      <!---->\n      <div data-colibri-id=\"1903-c6\" class=\"h-row-container gutters-row-lg-2 gutters-row-md-2 gutters-row-0 gutters-row-v-lg-2 gutters-row-v-md-2 gutters-row-v-2 style-815 style-local-1903-c6 position-relative\">\n        <!---->\n        <div class=\"h-row justify-content-lg-center justify-content-md-center justify-content-center align-items-lg-stretch align-items-md-stretch align-items-stretch gutters-col-lg-2 gutters-col-md-2 gutters-col-0 gutters-col-v-lg-2 gutters-col-v-md-2 gutters-col-v-2\">\n          <!---->\n          <div class=\"h-column h-column-container d-flex h-col-lg-auto h-col-md-auto h-col-auto style-816-outer style-local-1903-c7-outer\">\n            <div data-colibri-id=\"1903-c7\" class=\"d-flex h-flex-basis h-column__inner h-px-lg-2 h-px-md-2 h-px-2 v-inner-lg-2 v-inner-md-2 v-inner-2 style-816 style-local-1903-c7 position-relative\">\n              <!---->\n              <!---->\n              <div class=\"w-100 h-y-container h-column__content h-column__v-align flex-basis-100 align-self-lg-start align-self-md-start align-self-start\">\n                <!---->\n                <div data-colibri-id=\"1903-c8\" class=\"h-global-transition-all h-heading style-817 style-local-1903-c8 position-relative h-element\">\n                  <!---->\n                  <div class=\"h-heading__outer style-817 style-local-1903-c8\">\n                    <!---->\n                    <!---->\n                    <h2 class=\"\">DOKUMA ET\u0130KETLER<\/h2>\n                  <\/div>\n                <\/div>\n              <\/div>\n            <\/div>\n          <\/div>\n        <\/div>\n      <\/div>\n      <div data-colibri-id=\"1903-c9\" class=\"h-row-container gutters-row-lg-2 gutters-row-md-2 gutters-row-0 gutters-row-v-lg-2 gutters-row-v-md-2 gutters-row-v-2 style-818 style-local-1903-c9 position-relative\">\n        <!---->\n        <div class=\"h-row justify-content-lg-center justify-content-md-center justify-content-center align-items-lg-stretch align-items-md-stretch align-items-stretch gutters-col-lg-2 gutters-col-md-2 gutters-col-0 gutters-col-v-lg-2 gutters-col-v-md-2 gutters-col-v-2\">\n          <!---->\n          <div class=\"h-column h-column-container d-flex h-col-lg-auto h-col-md-auto h-col-auto style-819-outer style-local-1903-c10-outer\">\n            <div data-colibri-id=\"1903-c10\" class=\"d-flex h-flex-basis h-column__inner h-px-lg-2 h-px-md-2 h-px-2 v-inner-lg-2 v-inner-md-2 v-inner-2 style-819 style-local-1903-c10 position-relative\">\n              <!---->\n              <!---->\n              <div class=\"w-100 h-y-container h-column__content h-column__v-align flex-basis-100 align-self-lg-start align-self-md-start align-self-start\">\n                <!---->\n                <div data-colibri-id=\"1903-c11\" class=\"h-lead h-text h-text-component style-820 style-local-1903-c11 position-relative h-element\">\n                  <!---->\n                  <!---->\n                  <div class=\"\">\n                    <p>Tekstil sekt\u00f6r\u00fcnde en \u00e7ok tercih edilen ve en y\u00fcksek dayan\u0131kl\u0131l\u0131\u011fa sahip etiket t\u00fcr\u00fcd\u00fcr.\n                      <br>\u00dcr\u00fcn\u00fcn kimli\u011fini ta\u015f\u0131yan bu etiketler, markan\u0131n kalitesini ve prestijini do\u011frudan yans\u0131t\u0131r.\n                      <br>Modern \u00e7izgilerle haz\u0131rlanan tasar\u0131mlar\u0131m\u0131z sayesinde, \u00fcr\u00fcnleriniz yaln\u0131zca fark edilmekle kalmaz;\n                      <br>T\u00fcketicinin zihninde kal\u0131c\u0131 bir marka alg\u0131s\u0131 olu\u015fturur.<\/p>\n                    <p>Dokuma etiketler; firma ad\u0131, logo, model, beden, \u00fcretim yeri gibi bilgilerin<strong><br>\u0130plik dokuma tekni\u011fiyle kal\u0131c\u0131 hale getirilmesi<\/strong> sonucu \u00fcretilir.\n                      <br>Bu yap\u0131, etiketin \u00fcr\u00fcnden kopmas\u0131n\u0131, y\u0131pranmas\u0131n\u0131 veya silinmesini engeller.\n                      <br>B\u00f6ylece etiket, \u00fcr\u00fcn\u00fcn ilk g\u00fcn\u00fcnden son kullan\u0131m an\u0131na kadar t\u00fcm yolculu\u011funda ona e\u015flik eder.\n                      <br>\n                      <br>\u00dcretimde <strong>simli, parlak, mat ve metalik iplikler<\/strong> gibi farkl\u0131 iplik t\u00fcrleri kullanarak,\n                      <br>Markan\u0131za \u00f6zel dokular ve efektler olu\u015fturabiliyoruz.\n                      <br>Dokuma etiketler <strong>tek tasar\u0131mda maksimum 8 renkte ve 20 cm ene kadar<\/strong> \u00fcretilebilir.\n                      <br>Renk, iplik t\u00fcr\u00fc, kalite, boyut ve \u015fekil tamamen sizin tercihinize g\u00f6re belirlenir.\n                      <br>\n                      <br><strong>%100 polyester ipliklerden \u00fcretilen dokuma etiketler<\/strong>, terleme, y\u0131kama, s\u00fcrt\u00fcnme ve d\u0131\u015f etkenlere kar\u015f\u0131 \u00fcst\u00fcn dayan\u0131kl\u0131l\u0131k g\u00f6sterir.\n                      <br>Bu sayede \u00fcr\u00fcn hen\u00fcz sat\u0131lmasa bile, etiket \u00fczerinde marka g\u00fcc\u00fcn\u00fcz ya\u015famaya devam eder.\n                      <br>\n                    <\/p>\n                  <\/div>\n                <\/div>\n              <\/div>\n            <\/div>\n          <\/div>\n        <\/div>\n      <\/div>\n    <\/div>\n  <\/div>\n<\/div>","protected":false},"excerpt":{"rendered":"<p>DOKUMA ET\u0130KETLER Tekstil sekt\u00f6r\u00fcnde en \u00e7ok tercih edilen ve en y\u00fcksek dayan\u0131kl\u0131l\u0131\u011fa sahip [&hellip;]<\/p>\n","protected":false},"author":2,"featured_media":0,"parent":0,"menu_order":0,"comment_status":"closed","ping_status":"closed","template":"page-templates\/full-width-page.php","meta":{"footnotes":""},"class_list":["post-1903","page","type-page","status-publish","hentry"],"yoast_head":"<!-- This site is optimized with the Yoast SEO plugin v27.3 - https:\/\/yoast.com\/product\/yoast-seo-wordpress\/ -->\n<title>DokumaEtiket - ET\u0130KET FABR\u0130KASI<\/title>\n<meta name=\"robots\" content=\"index, follow, max-snippet:-1, max-image-preview:large, max-video-preview:-1\" \/>\n<link rel=\"canonical\" href=\"https:\/\/etiketfabrikasi.com.tr\/index.php\/dokumaetiket\/\" \/>\n<meta property=\"og:locale\" content=\"tr_TR\" \/>\n<meta property=\"og:type\" content=\"article\" \/>\n<meta property=\"og:title\" content=\"DokumaEtiket - ET\u0130KET FABR\u0130KASI\" \/>\n<meta property=\"og:description\" content=\"DOKUMA ET\u0130KETLER Tekstil sekt\u00f6r\u00fcnde en \u00e7ok tercih edilen ve en y\u00fcksek dayan\u0131kl\u0131l\u0131\u011fa sahip [&hellip;]\" \/>\n<meta property=\"og:url\" content=\"https:\/\/etiketfabrikasi.com.tr\/index.php\/dokumaetiket\/\" \/>\n<meta property=\"og:site_name\" content=\"ET\u0130KET FABR\u0130KASI\" \/>\n<meta property=\"article:modified_time\" content=\"2025-12-01T13:21:49+00:00\" \/>\n<meta name=\"twitter:card\" content=\"summary_large_image\" \/>\n<script type=\"application\/ld+json\" class=\"yoast-schema-graph\">{\"@context\":\"https:\\\/\\\/schema.org\",\"@graph\":[{\"@type\":\"WebPage\",\"@id\":\"https:\\\/\\\/etiketfabrikasi.com.tr\\\/index.php\\\/dokumaetiket\\\/\",\"url\":\"https:\\\/\\\/etiketfabrikasi.com.tr\\\/index.php\\\/dokumaetiket\\\/\",\"name\":\"DokumaEtiket - ET\u0130KET FABR\u0130KASI\",\"isPartOf\":{\"@id\":\"https:\\\/\\\/etiketfabrikasi.com.tr\\\/#website\"},\"datePublished\":\"2025-12-01T10:56:54+00:00\",\"dateModified\":\"2025-12-01T13:21:49+00:00\",\"breadcrumb\":{\"@id\":\"https:\\\/\\\/etiketfabrikasi.com.tr\\\/index.php\\\/dokumaetiket\\\/#breadcrumb\"},\"inLanguage\":\"tr\",\"potentialAction\":[{\"@type\":\"ReadAction\",\"target\":[\"https:\\\/\\\/etiketfabrikasi.com.tr\\\/index.php\\\/dokumaetiket\\\/\"]}]},{\"@type\":\"BreadcrumbList\",\"@id\":\"https:\\\/\\\/etiketfabrikasi.com.tr\\\/index.php\\\/dokumaetiket\\\/#breadcrumb\",\"itemListElement\":[{\"@type\":\"ListItem\",\"position\":1,\"name\":\"Anasayfa\",\"item\":\"https:\\\/\\\/etiketfabrikasi.com.tr\\\/\"},{\"@type\":\"ListItem\",\"position\":2,\"name\":\"DokumaEtiket\"}]},{\"@type\":\"WebSite\",\"@id\":\"https:\\\/\\\/etiketfabrikasi.com.tr\\\/#website\",\"url\":\"https:\\\/\\\/etiketfabrikasi.com.tr\\\/\",\"name\":\"ET\u0130KET FABR\u0130KASI\",\"description\":\"UNIQUE FASHIONS LABEL\",\"publisher\":{\"@id\":\"https:\\\/\\\/etiketfabrikasi.com.tr\\\/#organization\"},\"potentialAction\":[{\"@type\":\"SearchAction\",\"target\":{\"@type\":\"EntryPoint\",\"urlTemplate\":\"https:\\\/\\\/etiketfabrikasi.com.tr\\\/?s={search_term_string}\"},\"query-input\":{\"@type\":\"PropertyValueSpecification\",\"valueRequired\":true,\"valueName\":\"search_term_string\"}}],\"inLanguage\":\"tr\"},{\"@type\":\"Organization\",\"@id\":\"https:\\\/\\\/etiketfabrikasi.com.tr\\\/#organization\",\"name\":\"ET\u0130KET FABR\u0130KASI\",\"url\":\"https:\\\/\\\/etiketfabrikasi.com.tr\\\/\",\"logo\":{\"@type\":\"ImageObject\",\"inLanguage\":\"tr\",\"@id\":\"https:\\\/\\\/etiketfabrikasi.com.tr\\\/#\\\/schema\\\/logo\\\/image\\\/\",\"url\":\"https:\\\/\\\/etiketfabrikasi.com.tr\\\/wp-content\\\/uploads\\\/2025\\\/11\\\/cropped-cropped-cropped-cropped-cropped-cropped-cropped-logo.png\",\"contentUrl\":\"https:\\\/\\\/etiketfabrikasi.com.tr\\\/wp-content\\\/uploads\\\/2025\\\/11\\\/cropped-cropped-cropped-cropped-cropped-cropped-cropped-logo.png\",\"width\":1210,\"height\":209,\"caption\":\"ET\u0130KET FABR\u0130KASI\"},\"image\":{\"@id\":\"https:\\\/\\\/etiketfabrikasi.com.tr\\\/#\\\/schema\\\/logo\\\/image\\\/\"}}]}<\/script>\n<!-- \/ Yoast SEO plugin. -->","yoast_head_json":{"title":"DokumaEtiket - ET\u0130KET FABR\u0130KASI","robots":{"index":"index","follow":"follow","max-snippet":"max-snippet:-1","max-image-preview":"max-image-preview:large","max-video-preview":"max-video-preview:-1"},"canonical":"https:\/\/etiketfabrikasi.com.tr\/index.php\/dokumaetiket\/","og_locale":"tr_TR","og_type":"article","og_title":"DokumaEtiket - ET\u0130KET FABR\u0130KASI","og_description":"DOKUMA ET\u0130KETLER Tekstil sekt\u00f6r\u00fcnde en \u00e7ok tercih edilen ve en y\u00fcksek dayan\u0131kl\u0131l\u0131\u011fa sahip [&hellip;]","og_url":"https:\/\/etiketfabrikasi.com.tr\/index.php\/dokumaetiket\/","og_site_name":"ET\u0130KET FABR\u0130KASI","article_modified_time":"2025-12-01T13:21:49+00:00","twitter_card":"summary_large_image","schema":{"@context":"https:\/\/schema.org","@graph":[{"@type":"WebPage","@id":"https:\/\/etiketfabrikasi.com.tr\/index.php\/dokumaetiket\/","url":"https:\/\/etiketfabrikasi.com.tr\/index.php\/dokumaetiket\/","name":"DokumaEtiket - ET\u0130KET FABR\u0130KASI","isPartOf":{"@id":"https:\/\/etiketfabrikasi.com.tr\/#website"},"datePublished":"2025-12-01T10:56:54+00:00","dateModified":"2025-12-01T13:21:49+00:00","breadcrumb":{"@id":"https:\/\/etiketfabrikasi.com.tr\/index.php\/dokumaetiket\/#breadcrumb"},"inLanguage":"tr","potentialAction":[{"@type":"ReadAction","target":["https:\/\/etiketfabrikasi.com.tr\/index.php\/dokumaetiket\/"]}]},{"@type":"BreadcrumbList","@id":"https:\/\/etiketfabrikasi.com.tr\/index.php\/dokumaetiket\/#breadcrumb","itemListElement":[{"@type":"ListItem","position":1,"name":"Anasayfa","item":"https:\/\/etiketfabrikasi.com.tr\/"},{"@type":"ListItem","position":2,"name":"DokumaEtiket"}]},{"@type":"WebSite","@id":"https:\/\/etiketfabrikasi.com.tr\/#website","url":"https:\/\/etiketfabrikasi.com.tr\/","name":"ET\u0130KET FABR\u0130KASI","description":"UNIQUE FASHIONS LABEL","publisher":{"@id":"https:\/\/etiketfabrikasi.com.tr\/#organization"},"potentialAction":[{"@type":"SearchAction","target":{"@type":"EntryPoint","urlTemplate":"https:\/\/etiketfabrikasi.com.tr\/?s={search_term_string}"},"query-input":{"@type":"PropertyValueSpecification","valueRequired":true,"valueName":"search_term_string"}}],"inLanguage":"tr"},{"@type":"Organization","@id":"https:\/\/etiketfabrikasi.com.tr\/#organization","name":"ET\u0130KET FABR\u0130KASI","url":"https:\/\/etiketfabrikasi.com.tr\/","logo":{"@type":"ImageObject","inLanguage":"tr","@id":"https:\/\/etiketfabrikasi.com.tr\/#\/schema\/logo\/image\/","url":"https:\/\/etiketfabrikasi.com.tr\/wp-content\/uploads\/2025\/11\/cropped-cropped-cropped-cropped-cropped-cropped-cropped-logo.png","contentUrl":"https:\/\/etiketfabrikasi.com.tr\/wp-content\/uploads\/2025\/11\/cropped-cropped-cropped-cropped-cropped-cropped-cropped-logo.png","width":1210,"height":209,"caption":"ET\u0130KET FABR\u0130KASI"},"image":{"@id":"https:\/\/etiketfabrikasi.com.tr\/#\/schema\/logo\/image\/"}}]}},"_links":{"self":[{"href":"https:\/\/etiketfabrikasi.com.tr\/index.php\/wp-json\/wp\/v2\/pages\/1903","targetHints":{"allow":["GET"]}}],"collection":[{"href":"https:\/\/etiketfabrikasi.com.tr\/index.php\/wp-json\/wp\/v2\/pages"}],"about":[{"href":"https:\/\/etiketfabrikasi.com.tr\/index.php\/wp-json\/wp\/v2\/types\/page"}],"author":[{"embeddable":true,"href":"https:\/\/etiketfabrikasi.com.tr\/index.php\/wp-json\/wp\/v2\/users\/2"}],"replies":[{"embeddable":true,"href":"https:\/\/etiketfabrikasi.com.tr\/index.php\/wp-json\/wp\/v2\/comments?post=1903"}],"version-history":[{"count":3,"href":"https:\/\/etiketfabrikasi.com.tr\/index.php\/wp-json\/wp\/v2\/pages\/1903\/revisions"}],"predecessor-version":[{"id":2040,"href":"https:\/\/etiketfabrikasi.com.tr\/index.php\/wp-json\/wp\/v2\/pages\/1903\/revisions\/2040"}],"wp:attachment":[{"href":"https:\/\/etiketfabrikasi.com.tr\/index.php\/wp-json\/wp\/v2\/media?parent=1903"}],"curies":[{"name":"wp","href":"https:\/\/api.w.org\/{rel}","templated":true}]}}